{"id":12072,"date":"2026-01-20T13:28:31","date_gmt":"2026-01-20T16:28:31","guid":{"rendered":"https:\/\/promoalge.com.br\/?post_type=product&#038;p=12072"},"modified":"2026-01-20T13:28:31","modified_gmt":"2026-01-20T16:28:31","slug":"necessaire-pu-pr-e18756","status":"publish","type":"product","link":"https:\/\/promoalge.com.br\/?product=necessaire-pu-pr-e18756","title":{"rendered":"N\u00e9cessaire PU &#8211; PR E@18756"},"content":{"rendered":"","protected":false},"excerpt":{"rendered":"<p>Descri\u00e7\u00e3o: A combina\u00e7\u00e3o perfeita entre delicadeza e qualidade, esta n\u00e9cessaire agradar\u00e1 at\u00e9 mesmo as pessoas mais exigentes. Feita de PU resistente \u00e0 \u00e1gua, cada detalhe foi meticulosamente pensado para torn\u00e1-la pr\u00e1tica: um compartimento principal com 5 divis\u00f3rias para pinc\u00e9is e amplo espa\u00e7o para diversos cosm\u00e9ticos, al\u00e9m de um compartimento frontal com v\u00e1rios organizadores para joias como an\u00e9is, brincos e colares. Com z\u00edperes de puxadores dourados, cada detalhe torna esta n\u00e9cessaire uma pe\u00e7a sofisticada e funcional.<\/p>\n<p>Altura :  21 cm<\/p>\n<p>Largura :  24 cm<\/p>\n<p>Profundidade :  14,5 cm<\/p>\n<p>Quantidade minima de 50 unidades.<\/p>\n","protected":false},"featured_media":12073,"template":"","meta":[],"product_brand":[],"product_cat":[416],"product_tag":[],"class_list":{"0":"post-12072","1":"product","2":"type-product","3":"status-publish","4":"has-post-thumbnail","6":"product_cat-necessaire","8":"first","9":"instock","10":"shipping-taxable","11":"product-type-simple"},"_links":{"self":[{"href":"https:\/\/promoalge.com.br\/index.php?rest_route=\/wp\/v2\/product\/12072","targetHints":{"allow":["GET"]}}],"collection":[{"href":"https:\/\/promoalge.com.br\/index.php?rest_route=\/wp\/v2\/product"}],"about":[{"href":"https:\/\/promoalge.com.br\/index.php?rest_route=\/wp\/v2\/types\/product"}],"wp:featuredmedia":[{"embeddable":true,"href":"https:\/\/promoalge.com.br\/index.php?rest_route=\/wp\/v2\/media\/12073"}],"wp:attachment":[{"href":"https:\/\/promoalge.com.br\/index.php?rest_route=%2Fwp%2Fv2%2Fmedia&parent=12072"}],"wp:term":[{"taxonomy":"product_brand","embeddable":true,"href":"https:\/\/promoalge.com.br\/index.php?rest_route=%2Fwp%2Fv2%2Fproduct_brand&post=12072"},{"taxonomy":"product_cat","embeddable":true,"href":"https:\/\/promoalge.com.br\/index.php?rest_route=%2Fwp%2Fv2%2Fproduct_cat&post=12072"},{"taxonomy":"product_tag","embeddable":true,"href":"https:\/\/promoalge.com.br\/index.php?rest_route=%2Fwp%2Fv2%2Fproduct_tag&post=12072"}],"curies":[{"name":"wp","href":"https:\/\/api.w.org\/{rel}","templated":true}]}}