{"id":12078,"date":"2026-01-20T13:51:25","date_gmt":"2026-01-20T16:51:25","guid":{"rendered":"https:\/\/promoalge.com.br\/?post_type=product&#038;p=12078"},"modified":"2026-01-20T13:51:25","modified_gmt":"2026-01-20T16:51:25","slug":"necessaire-pu-pr-p18752","status":"publish","type":"product","link":"https:\/\/promoalge.com.br\/?product=necessaire-pu-pr-p18752","title":{"rendered":"N\u00e9cessaire PU &#8211; PR P@18752"},"content":{"rendered":"","protected":false},"excerpt":{"rendered":"<p>Descri\u00e7\u00e3o: Um acess\u00f3rio sofisticado e vers\u00e1til para itens essenciais de beleza e cuidadoi! Feita em couro sint\u00e9tico PU de alta qualidade, esta n\u00e9cessaire combina eleg\u00e2ncia e funcionalidade com um design moderno e detalhes em padr\u00e3o xadrez. Perfeita para organizar maquiagens e produtos de higiene, ela \u00e9 \u00e0 prova d\u00e1gua e possui z\u00edperes individuais para fechar os compartimentos superior e inferior com seguran\u00e7a. Al\u00e9m disso, sua al\u00e7a pr\u00e1tica facilita o transporte, tornando-a ideal para o dia a dia ou viagens.<\/p>\n<p>Altura :  13,5 cm<\/p>\n<p>Largura :  25,5 cm<\/p>\n<p>Profundidade :  13 cm<\/p>\n<p>Quantidade minima de 50 unidades.<\/p>\n","protected":false},"featured_media":12079,"template":"","meta":[],"product_brand":[],"product_cat":[416],"product_tag":[],"class_list":{"0":"post-12078","1":"product","2":"type-product","3":"status-publish","4":"has-post-thumbnail","6":"product_cat-necessaire","8":"first","9":"instock","10":"shipping-taxable","11":"product-type-simple"},"_links":{"self":[{"href":"https:\/\/promoalge.com.br\/index.php?rest_route=\/wp\/v2\/product\/12078","targetHints":{"allow":["GET"]}}],"collection":[{"href":"https:\/\/promoalge.com.br\/index.php?rest_route=\/wp\/v2\/product"}],"about":[{"href":"https:\/\/promoalge.com.br\/index.php?rest_route=\/wp\/v2\/types\/product"}],"wp:featuredmedia":[{"embeddable":true,"href":"https:\/\/promoalge.com.br\/index.php?rest_route=\/wp\/v2\/media\/12079"}],"wp:attachment":[{"href":"https:\/\/promoalge.com.br\/index.php?rest_route=%2Fwp%2Fv2%2Fmedia&parent=12078"}],"wp:term":[{"taxonomy":"product_brand","embeddable":true,"href":"https:\/\/promoalge.com.br\/index.php?rest_route=%2Fwp%2Fv2%2Fproduct_brand&post=12078"},{"taxonomy":"product_cat","embeddable":true,"href":"https:\/\/promoalge.com.br\/index.php?rest_route=%2Fwp%2Fv2%2Fproduct_cat&post=12078"},{"taxonomy":"product_tag","embeddable":true,"href":"https:\/\/promoalge.com.br\/index.php?rest_route=%2Fwp%2Fv2%2Fproduct_tag&post=12078"}],"curies":[{"name":"wp","href":"https:\/\/api.w.org\/{rel}","templated":true}]}}