{"id":1208,"date":"2018-08-20T15:39:58","date_gmt":"2018-08-20T18:39:58","guid":{"rendered":"http:\/\/promoalge.com.br\/?post_type=product&#038;p=1208"},"modified":"2018-08-20T15:39:58","modified_gmt":"2018-08-20T18:39:58","slug":"chaveiro-metalico-pr2965","status":"publish","type":"product","link":"https:\/\/promoalge.com.br\/?product=chaveiro-metalico-pr2965","title":{"rendered":"Chaveiro Met\u00e1lico &#8211; PR2965"},"content":{"rendered":"","protected":false},"excerpt":{"rendered":"<p>Chaveiro metal mosquet\u00e3o(sem trava) com al\u00e7a de couro sint\u00e9tico. Possui chapa frontal quadrada em inox e verso brilhante. Grava\u00e7\u00e3o a laser.<\/p>\n","protected":false},"featured_media":1209,"template":"","meta":[],"product_brand":[],"product_cat":[406],"product_tag":[],"class_list":{"0":"post-1208","1":"product","2":"type-product","3":"status-publish","4":"has-post-thumbnail","6":"product_cat-chaveiros","8":"first","9":"instock","10":"shipping-taxable","11":"product-type-simple"},"_links":{"self":[{"href":"https:\/\/promoalge.com.br\/index.php?rest_route=\/wp\/v2\/product\/1208","targetHints":{"allow":["GET"]}}],"collection":[{"href":"https:\/\/promoalge.com.br\/index.php?rest_route=\/wp\/v2\/product"}],"about":[{"href":"https:\/\/promoalge.com.br\/index.php?rest_route=\/wp\/v2\/types\/product"}],"wp:featuredmedia":[{"embeddable":true,"href":"https:\/\/promoalge.com.br\/index.php?rest_route=\/wp\/v2\/media\/1209"}],"wp:attachment":[{"href":"https:\/\/promoalge.com.br\/index.php?rest_route=%2Fwp%2Fv2%2Fmedia&parent=1208"}],"wp:term":[{"taxonomy":"product_brand","embeddable":true,"href":"https:\/\/promoalge.com.br\/index.php?rest_route=%2Fwp%2Fv2%2Fproduct_brand&post=1208"},{"taxonomy":"product_cat","embeddable":true,"href":"https:\/\/promoalge.com.br\/index.php?rest_route=%2Fwp%2Fv2%2Fproduct_cat&post=1208"},{"taxonomy":"product_tag","embeddable":true,"href":"https:\/\/promoalge.com.br\/index.php?rest_route=%2Fwp%2Fv2%2Fproduct_tag&post=1208"}],"curies":[{"name":"wp","href":"https:\/\/api.w.org\/{rel}","templated":true}]}}