{"id":12084,"date":"2026-01-20T14:07:20","date_gmt":"2026-01-20T17:07:20","guid":{"rendered":"https:\/\/promoalge.com.br\/?post_type=product&#038;p=12084"},"modified":"2026-01-20T14:07:20","modified_gmt":"2026-01-20T17:07:20","slug":"necessaire-pvc-impermeavel-pr-p18813","status":"publish","type":"product","link":"https:\/\/promoalge.com.br\/?product=necessaire-pvc-impermeavel-pr-p18813","title":{"rendered":"N\u00e9cessaire PVC Imperme\u00e1vel &#8211; PR P@18813"},"content":{"rendered":"","protected":false},"excerpt":{"rendered":"<p>Descri\u00e7\u00e3o: N\u00e9cessaire em PVC e couro sint\u00e9tico imperme\u00e1vel em formato xadrez e fechamento em z\u00edper. Possui visor transparente e duas al\u00e7as de m\u00e3o em nylon.<\/p>\n<p>Altura :  20 cm<\/p>\n<p>Largura :  29 cm<\/p>\n<p>Profundidade :  12,5 cm<\/p>\n<p>Quantidade minima de 50 unidades.<\/p>\n","protected":false},"featured_media":12085,"template":"","meta":[],"product_brand":[],"product_cat":[416],"product_tag":[],"class_list":{"0":"post-12084","1":"product","2":"type-product","3":"status-publish","4":"has-post-thumbnail","6":"product_cat-necessaire","8":"first","9":"instock","10":"shipping-taxable","11":"product-type-simple"},"_links":{"self":[{"href":"https:\/\/promoalge.com.br\/index.php?rest_route=\/wp\/v2\/product\/12084","targetHints":{"allow":["GET"]}}],"collection":[{"href":"https:\/\/promoalge.com.br\/index.php?rest_route=\/wp\/v2\/product"}],"about":[{"href":"https:\/\/promoalge.com.br\/index.php?rest_route=\/wp\/v2\/types\/product"}],"wp:featuredmedia":[{"embeddable":true,"href":"https:\/\/promoalge.com.br\/index.php?rest_route=\/wp\/v2\/media\/12085"}],"wp:attachment":[{"href":"https:\/\/promoalge.com.br\/index.php?rest_route=%2Fwp%2Fv2%2Fmedia&parent=12084"}],"wp:term":[{"taxonomy":"product_brand","embeddable":true,"href":"https:\/\/promoalge.com.br\/index.php?rest_route=%2Fwp%2Fv2%2Fproduct_brand&post=12084"},{"taxonomy":"product_cat","embeddable":true,"href":"https:\/\/promoalge.com.br\/index.php?rest_route=%2Fwp%2Fv2%2Fproduct_cat&post=12084"},{"taxonomy":"product_tag","embeddable":true,"href":"https:\/\/promoalge.com.br\/index.php?rest_route=%2Fwp%2Fv2%2Fproduct_tag&post=12084"}],"curies":[{"name":"wp","href":"https:\/\/api.w.org\/{rel}","templated":true}]}}