{"id":12088,"date":"2026-01-20T14:29:25","date_gmt":"2026-01-20T17:29:25","guid":{"rendered":"https:\/\/promoalge.com.br\/?post_type=product&#038;p=12088"},"modified":"2026-01-20T14:29:25","modified_gmt":"2026-01-20T17:29:25","slug":"necessaire-bidins-pr-14414","status":"publish","type":"product","link":"https:\/\/promoalge.com.br\/?product=necessaire-bidins-pr-14414","title":{"rendered":"N\u00e9cessaire Bidins &#8211; PR 14414"},"content":{"rendered":"","protected":false},"excerpt":{"rendered":"<p>Descri\u00e7\u00e3o: N\u00e9cessaire de couro sint\u00e9tico bidins com al\u00e7a para transporte, possui plaquinha frontal para personaliza\u00e7\u00e3o e \u00e1rea interna da necessaire revestida de nylon.<\/p>\n<p>Altura :  14 cm<\/p>\n<p>Profundidade :  10,5 cm<\/p>\n<p>Comprimento :  Com al\u00e7a 23,5 cm<\/p>\n<p>Quantidade minima de 50 unidades.<\/p>\n","protected":false},"featured_media":12089,"template":"","meta":[],"product_brand":[],"product_cat":[416],"product_tag":[],"class_list":{"0":"post-12088","1":"product","2":"type-product","3":"status-publish","4":"has-post-thumbnail","6":"product_cat-necessaire","8":"first","9":"instock","10":"shipping-taxable","11":"product-type-simple"},"_links":{"self":[{"href":"https:\/\/promoalge.com.br\/index.php?rest_route=\/wp\/v2\/product\/12088","targetHints":{"allow":["GET"]}}],"collection":[{"href":"https:\/\/promoalge.com.br\/index.php?rest_route=\/wp\/v2\/product"}],"about":[{"href":"https:\/\/promoalge.com.br\/index.php?rest_route=\/wp\/v2\/types\/product"}],"wp:featuredmedia":[{"embeddable":true,"href":"https:\/\/promoalge.com.br\/index.php?rest_route=\/wp\/v2\/media\/12089"}],"wp:attachment":[{"href":"https:\/\/promoalge.com.br\/index.php?rest_route=%2Fwp%2Fv2%2Fmedia&parent=12088"}],"wp:term":[{"taxonomy":"product_brand","embeddable":true,"href":"https:\/\/promoalge.com.br\/index.php?rest_route=%2Fwp%2Fv2%2Fproduct_brand&post=12088"},{"taxonomy":"product_cat","embeddable":true,"href":"https:\/\/promoalge.com.br\/index.php?rest_route=%2Fwp%2Fv2%2Fproduct_cat&post=12088"},{"taxonomy":"product_tag","embeddable":true,"href":"https:\/\/promoalge.com.br\/index.php?rest_route=%2Fwp%2Fv2%2Fproduct_tag&post=12088"}],"curies":[{"name":"wp","href":"https:\/\/api.w.org\/{rel}","templated":true}]}}