{"id":12090,"date":"2026-01-20T14:46:15","date_gmt":"2026-01-20T17:46:15","guid":{"rendered":"https:\/\/promoalge.com.br\/?post_type=product&#038;p=12090"},"modified":"2026-01-20T14:46:16","modified_gmt":"2026-01-20T17:46:16","slug":"necessaire-de-poliester-pr-14937","status":"publish","type":"product","link":"https:\/\/promoalge.com.br\/?product=necessaire-de-poliester-pr-14937","title":{"rendered":"N\u00e9cessaire de Poli\u00e9ster &#8211; PR 14937"},"content":{"rendered":"","protected":false},"excerpt":{"rendered":"<p>Descri\u00e7\u00e3o: N\u00e9cessaire confeccionada em poli\u00e9ster com detalhes em couro sint\u00e9tico, possui dois compartimentos com z\u00edper, al\u00e7a para transporte e al\u00e7a pequena para acesso de chaveiro ou gancho.<\/p>\n<p>Altura :  12,3 cm<\/p>\n<p>Largura :  21,5 cm<\/p>\n<p>Profundidade :  12,3 cm<\/p>\n<p>Espessura :  8 cm<\/p>\n<p>Comprimento :  Al\u00e7a: 6 cm<\/p>\n<p>Quantidade minima de 50 unidades.<\/p>\n","protected":false},"featured_media":12091,"template":"","meta":[],"product_brand":[],"product_cat":[416],"product_tag":[],"class_list":{"0":"post-12090","1":"product","2":"type-product","3":"status-publish","4":"has-post-thumbnail","6":"product_cat-necessaire","8":"first","9":"instock","10":"shipping-taxable","11":"product-type-simple"},"_links":{"self":[{"href":"https:\/\/promoalge.com.br\/index.php?rest_route=\/wp\/v2\/product\/12090","targetHints":{"allow":["GET"]}}],"collection":[{"href":"https:\/\/promoalge.com.br\/index.php?rest_route=\/wp\/v2\/product"}],"about":[{"href":"https:\/\/promoalge.com.br\/index.php?rest_route=\/wp\/v2\/types\/product"}],"wp:featuredmedia":[{"embeddable":true,"href":"https:\/\/promoalge.com.br\/index.php?rest_route=\/wp\/v2\/media\/12091"}],"wp:attachment":[{"href":"https:\/\/promoalge.com.br\/index.php?rest_route=%2Fwp%2Fv2%2Fmedia&parent=12090"}],"wp:term":[{"taxonomy":"product_brand","embeddable":true,"href":"https:\/\/promoalge.com.br\/index.php?rest_route=%2Fwp%2Fv2%2Fproduct_brand&post=12090"},{"taxonomy":"product_cat","embeddable":true,"href":"https:\/\/promoalge.com.br\/index.php?rest_route=%2Fwp%2Fv2%2Fproduct_cat&post=12090"},{"taxonomy":"product_tag","embeddable":true,"href":"https:\/\/promoalge.com.br\/index.php?rest_route=%2Fwp%2Fv2%2Fproduct_tag&post=12090"}],"curies":[{"name":"wp","href":"https:\/\/api.w.org\/{rel}","templated":true}]}}