{"id":12099,"date":"2026-01-20T15:31:21","date_gmt":"2026-01-20T18:31:21","guid":{"rendered":"https:\/\/promoalge.com.br\/?post_type=product&#038;p=12099"},"modified":"2026-01-20T15:31:21","modified_gmt":"2026-01-20T18:31:21","slug":"necessaire-couro-sintetico-pr-15116a","status":"publish","type":"product","link":"https:\/\/promoalge.com.br\/?product=necessaire-couro-sintetico-pr-15116a","title":{"rendered":"N\u00e9cessaire Couro Sint\u00e9tico &#8211; PR 15116A"},"content":{"rendered":"","protected":false},"excerpt":{"rendered":"<p>Descri\u00e7\u00e3o: N\u00e9cessaire em couro sint\u00e9tico resistente \u00e0 \u00e1gua, fechamento em z\u00edper e al\u00e7a lateral para transporte.<\/p>\n<p>Altura :  12,5 cm<\/p>\n<p>Largura :  21 cm<\/p>\n<p>Profundidade :  3 cm<\/p>\n<p>Quantidade minima de 50 unidades.<\/p>\n","protected":false},"featured_media":12100,"template":"","meta":[],"product_brand":[],"product_cat":[416],"product_tag":[],"class_list":{"0":"post-12099","1":"product","2":"type-product","3":"status-publish","4":"has-post-thumbnail","6":"product_cat-necessaire","8":"first","9":"instock","10":"shipping-taxable","11":"product-type-simple"},"_links":{"self":[{"href":"https:\/\/promoalge.com.br\/index.php?rest_route=\/wp\/v2\/product\/12099","targetHints":{"allow":["GET"]}}],"collection":[{"href":"https:\/\/promoalge.com.br\/index.php?rest_route=\/wp\/v2\/product"}],"about":[{"href":"https:\/\/promoalge.com.br\/index.php?rest_route=\/wp\/v2\/types\/product"}],"wp:featuredmedia":[{"embeddable":true,"href":"https:\/\/promoalge.com.br\/index.php?rest_route=\/wp\/v2\/media\/12100"}],"wp:attachment":[{"href":"https:\/\/promoalge.com.br\/index.php?rest_route=%2Fwp%2Fv2%2Fmedia&parent=12099"}],"wp:term":[{"taxonomy":"product_brand","embeddable":true,"href":"https:\/\/promoalge.com.br\/index.php?rest_route=%2Fwp%2Fv2%2Fproduct_brand&post=12099"},{"taxonomy":"product_cat","embeddable":true,"href":"https:\/\/promoalge.com.br\/index.php?rest_route=%2Fwp%2Fv2%2Fproduct_cat&post=12099"},{"taxonomy":"product_tag","embeddable":true,"href":"https:\/\/promoalge.com.br\/index.php?rest_route=%2Fwp%2Fv2%2Fproduct_tag&post=12099"}],"curies":[{"name":"wp","href":"https:\/\/api.w.org\/{rel}","templated":true}]}}