{"id":1210,"date":"2018-08-20T15:44:49","date_gmt":"2018-08-20T18:44:49","guid":{"rendered":"http:\/\/promoalge.com.br\/?post_type=product&#038;p=1210"},"modified":"2018-08-20T15:44:50","modified_gmt":"2018-08-20T18:44:50","slug":"chaveiro-plastico-bloco-de-concreto-pr3789","status":"publish","type":"product","link":"https:\/\/promoalge.com.br\/?product=chaveiro-plastico-bloco-de-concreto-pr3789","title":{"rendered":"Chaveiro Pl\u00e1stico Bloco de Concreto &#8211; PR3789"},"content":{"rendered":"","protected":false},"excerpt":{"rendered":"<p>Chaveiro pl\u00e1stico formato bloco de concreto, frente com \u00e1rea retangular lisa  e verso detalhado em relevo.4,4 cm x 2,4 cm x 1,6 cm. Personaliza\u00e7\u00e3o atrav\u00e9s de etiqueta resinada em policromia.<\/p>\n","protected":false},"featured_media":1213,"template":"","meta":[],"product_brand":[],"product_cat":[406],"product_tag":[],"class_list":{"0":"post-1210","1":"product","2":"type-product","3":"status-publish","4":"has-post-thumbnail","6":"product_cat-chaveiros","8":"first","9":"instock","10":"shipping-taxable","11":"product-type-simple"},"_links":{"self":[{"href":"https:\/\/promoalge.com.br\/index.php?rest_route=\/wp\/v2\/product\/1210","targetHints":{"allow":["GET"]}}],"collection":[{"href":"https:\/\/promoalge.com.br\/index.php?rest_route=\/wp\/v2\/product"}],"about":[{"href":"https:\/\/promoalge.com.br\/index.php?rest_route=\/wp\/v2\/types\/product"}],"wp:featuredmedia":[{"embeddable":true,"href":"https:\/\/promoalge.com.br\/index.php?rest_route=\/wp\/v2\/media\/1213"}],"wp:attachment":[{"href":"https:\/\/promoalge.com.br\/index.php?rest_route=%2Fwp%2Fv2%2Fmedia&parent=1210"}],"wp:term":[{"taxonomy":"product_brand","embeddable":true,"href":"https:\/\/promoalge.com.br\/index.php?rest_route=%2Fwp%2Fv2%2Fproduct_brand&post=1210"},{"taxonomy":"product_cat","embeddable":true,"href":"https:\/\/promoalge.com.br\/index.php?rest_route=%2Fwp%2Fv2%2Fproduct_cat&post=1210"},{"taxonomy":"product_tag","embeddable":true,"href":"https:\/\/promoalge.com.br\/index.php?rest_route=%2Fwp%2Fv2%2Fproduct_tag&post=1210"}],"curies":[{"name":"wp","href":"https:\/\/api.w.org\/{rel}","templated":true}]}}