{"id":12119,"date":"2026-01-20T16:05:32","date_gmt":"2026-01-20T19:05:32","guid":{"rendered":"https:\/\/promoalge.com.br\/?post_type=product&#038;p=12119"},"modified":"2026-01-20T16:05:32","modified_gmt":"2026-01-20T19:05:32","slug":"necessaire-nylon-pr-15286","status":"publish","type":"product","link":"https:\/\/promoalge.com.br\/?product=necessaire-nylon-pr-15286","title":{"rendered":"N\u00e9cessaire Nylon &#8211; PR 15286"},"content":{"rendered":"","protected":false},"excerpt":{"rendered":"<p>Descri\u00e7\u00e3o: N\u00e9cessaire confeccionado em nylon resistente \u00e0 \u00e1gua e fechamento em z\u00edper. Possui divis\u00f3ria interna em tela de nylon e al\u00e7a lateral para transporte.<\/p>\n<p>Altura :  13,5 cm<\/p>\n<p>Largura :  21,5 cm<\/p>\n<p>Profundidade :  8 cm<\/p>\n<p>Quantidade minima de 50 unidades.<\/p>\n","protected":false},"featured_media":12120,"template":"","meta":[],"product_brand":[],"product_cat":[416],"product_tag":[],"class_list":{"0":"post-12119","1":"product","2":"type-product","3":"status-publish","4":"has-post-thumbnail","6":"product_cat-necessaire","8":"first","9":"instock","10":"shipping-taxable","11":"product-type-simple"},"_links":{"self":[{"href":"https:\/\/promoalge.com.br\/index.php?rest_route=\/wp\/v2\/product\/12119","targetHints":{"allow":["GET"]}}],"collection":[{"href":"https:\/\/promoalge.com.br\/index.php?rest_route=\/wp\/v2\/product"}],"about":[{"href":"https:\/\/promoalge.com.br\/index.php?rest_route=\/wp\/v2\/types\/product"}],"wp:featuredmedia":[{"embeddable":true,"href":"https:\/\/promoalge.com.br\/index.php?rest_route=\/wp\/v2\/media\/12120"}],"wp:attachment":[{"href":"https:\/\/promoalge.com.br\/index.php?rest_route=%2Fwp%2Fv2%2Fmedia&parent=12119"}],"wp:term":[{"taxonomy":"product_brand","embeddable":true,"href":"https:\/\/promoalge.com.br\/index.php?rest_route=%2Fwp%2Fv2%2Fproduct_brand&post=12119"},{"taxonomy":"product_cat","embeddable":true,"href":"https:\/\/promoalge.com.br\/index.php?rest_route=%2Fwp%2Fv2%2Fproduct_cat&post=12119"},{"taxonomy":"product_tag","embeddable":true,"href":"https:\/\/promoalge.com.br\/index.php?rest_route=%2Fwp%2Fv2%2Fproduct_tag&post=12119"}],"curies":[{"name":"wp","href":"https:\/\/api.w.org\/{rel}","templated":true}]}}