{"id":12133,"date":"2026-01-22T12:05:04","date_gmt":"2026-01-22T15:05:04","guid":{"rendered":"https:\/\/promoalge.com.br\/?post_type=product&#038;p=12133"},"modified":"2026-01-22T12:05:04","modified_gmt":"2026-01-22T15:05:04","slug":"necessaire-de-couro-sintetico-pr-13042","status":"publish","type":"product","link":"https:\/\/promoalge.com.br\/?product=necessaire-de-couro-sintetico-pr-13042","title":{"rendered":"N\u00e9cessaire de Couro Sint\u00e9tico &#8211; PR 13042"},"content":{"rendered":"","protected":false},"excerpt":{"rendered":"<p>Descri\u00e7\u00e3o: N\u00e9cessaire em couro sint\u00e9tico texturizado com uma placa central para personaliza\u00e7\u00e3o. Parte interna revestida com cetim.<\/p>\n<p>Altura :  10 cm<\/p>\n<p>Largura :  15 cm<\/p>\n<p>Profundidade :  4 cm<\/p>\n<p>Quantidade minima de 50 unidades.<\/p>\n","protected":false},"featured_media":12134,"template":"","meta":[],"product_brand":[],"product_cat":[416],"product_tag":[],"class_list":{"0":"post-12133","1":"product","2":"type-product","3":"status-publish","4":"has-post-thumbnail","6":"product_cat-necessaire","8":"first","9":"instock","10":"shipping-taxable","11":"product-type-simple"},"_links":{"self":[{"href":"https:\/\/promoalge.com.br\/index.php?rest_route=\/wp\/v2\/product\/12133","targetHints":{"allow":["GET"]}}],"collection":[{"href":"https:\/\/promoalge.com.br\/index.php?rest_route=\/wp\/v2\/product"}],"about":[{"href":"https:\/\/promoalge.com.br\/index.php?rest_route=\/wp\/v2\/types\/product"}],"wp:featuredmedia":[{"embeddable":true,"href":"https:\/\/promoalge.com.br\/index.php?rest_route=\/wp\/v2\/media\/12134"}],"wp:attachment":[{"href":"https:\/\/promoalge.com.br\/index.php?rest_route=%2Fwp%2Fv2%2Fmedia&parent=12133"}],"wp:term":[{"taxonomy":"product_brand","embeddable":true,"href":"https:\/\/promoalge.com.br\/index.php?rest_route=%2Fwp%2Fv2%2Fproduct_brand&post=12133"},{"taxonomy":"product_cat","embeddable":true,"href":"https:\/\/promoalge.com.br\/index.php?rest_route=%2Fwp%2Fv2%2Fproduct_cat&post=12133"},{"taxonomy":"product_tag","embeddable":true,"href":"https:\/\/promoalge.com.br\/index.php?rest_route=%2Fwp%2Fv2%2Fproduct_tag&post=12133"}],"curies":[{"name":"wp","href":"https:\/\/api.w.org\/{rel}","templated":true}]}}