{"id":1214,"date":"2018-08-20T15:48:29","date_gmt":"2018-08-20T18:48:29","guid":{"rendered":"http:\/\/promoalge.com.br\/?post_type=product&#038;p=1214"},"modified":"2018-08-20T15:48:29","modified_gmt":"2018-08-20T18:48:29","slug":"chaveiro-trena-1-metro-ct012","status":"publish","type":"product","link":"https:\/\/promoalge.com.br\/?product=chaveiro-trena-1-metro-ct012","title":{"rendered":"Chaveiro Trena 1 Metro &#8211; CT012"},"content":{"rendered":"","protected":false},"excerpt":{"rendered":"<p>Chaveiro trena 1 metro formato pneu brilhante, material emborrachado com relevo. Detalhes do aro em pl\u00e1stico prata, verso liso. Trena n\u00e3o possui trava. Grava\u00e7\u00e3o serigrafia em 1 cor.<\/p>\n","protected":false},"featured_media":1218,"template":"","meta":[],"product_brand":[],"product_cat":[406,411],"product_tag":[],"class_list":{"0":"post-1214","1":"product","2":"type-product","3":"status-publish","4":"has-post-thumbnail","6":"product_cat-chaveiros","7":"product_cat-ferramentas","9":"first","10":"instock","11":"shipping-taxable","12":"product-type-simple"},"_links":{"self":[{"href":"https:\/\/promoalge.com.br\/index.php?rest_route=\/wp\/v2\/product\/1214","targetHints":{"allow":["GET"]}}],"collection":[{"href":"https:\/\/promoalge.com.br\/index.php?rest_route=\/wp\/v2\/product"}],"about":[{"href":"https:\/\/promoalge.com.br\/index.php?rest_route=\/wp\/v2\/types\/product"}],"wp:featuredmedia":[{"embeddable":true,"href":"https:\/\/promoalge.com.br\/index.php?rest_route=\/wp\/v2\/media\/1218"}],"wp:attachment":[{"href":"https:\/\/promoalge.com.br\/index.php?rest_route=%2Fwp%2Fv2%2Fmedia&parent=1214"}],"wp:term":[{"taxonomy":"product_brand","embeddable":true,"href":"https:\/\/promoalge.com.br\/index.php?rest_route=%2Fwp%2Fv2%2Fproduct_brand&post=1214"},{"taxonomy":"product_cat","embeddable":true,"href":"https:\/\/promoalge.com.br\/index.php?rest_route=%2Fwp%2Fv2%2Fproduct_cat&post=1214"},{"taxonomy":"product_tag","embeddable":true,"href":"https:\/\/promoalge.com.br\/index.php?rest_route=%2Fwp%2Fv2%2Fproduct_tag&post=1214"}],"curies":[{"name":"wp","href":"https:\/\/api.w.org\/{rel}","templated":true}]}}