{"id":1219,"date":"2018-08-20T15:51:48","date_gmt":"2018-08-20T18:51:48","guid":{"rendered":"http:\/\/promoalge.com.br\/?post_type=product&#038;p=1219"},"modified":"2018-08-20T15:51:48","modified_gmt":"2018-08-20T18:51:48","slug":"chaveiro-trena-1-metro-pr185","status":"publish","type":"product","link":"https:\/\/promoalge.com.br\/?product=chaveiro-trena-1-metro-pr185","title":{"rendered":"Chaveiro Trena 1 Metro &#8211; PR185"},"content":{"rendered":"","protected":false},"excerpt":{"rendered":"<p>Chaveiro Trena de 1 metro, material emborrachado.Tamanho total (CxLxE):4,0 cm x 4,3 cm x 1,5 cm. Personaliza\u00e7\u00e3o atrav\u00e9s de etiqueta resinada, com impress\u00e3o em policromia.<\/p>\n","protected":false},"featured_media":1226,"template":"","meta":[],"product_brand":[],"product_cat":[406,411],"product_tag":[],"class_list":{"0":"post-1219","1":"product","2":"type-product","3":"status-publish","4":"has-post-thumbnail","6":"product_cat-chaveiros","7":"product_cat-ferramentas","9":"first","10":"instock","11":"shipping-taxable","12":"product-type-simple"},"_links":{"self":[{"href":"https:\/\/promoalge.com.br\/index.php?rest_route=\/wp\/v2\/product\/1219","targetHints":{"allow":["GET"]}}],"collection":[{"href":"https:\/\/promoalge.com.br\/index.php?rest_route=\/wp\/v2\/product"}],"about":[{"href":"https:\/\/promoalge.com.br\/index.php?rest_route=\/wp\/v2\/types\/product"}],"wp:featuredmedia":[{"embeddable":true,"href":"https:\/\/promoalge.com.br\/index.php?rest_route=\/wp\/v2\/media\/1226"}],"wp:attachment":[{"href":"https:\/\/promoalge.com.br\/index.php?rest_route=%2Fwp%2Fv2%2Fmedia&parent=1219"}],"wp:term":[{"taxonomy":"product_brand","embeddable":true,"href":"https:\/\/promoalge.com.br\/index.php?rest_route=%2Fwp%2Fv2%2Fproduct_brand&post=1219"},{"taxonomy":"product_cat","embeddable":true,"href":"https:\/\/promoalge.com.br\/index.php?rest_route=%2Fwp%2Fv2%2Fproduct_cat&post=1219"},{"taxonomy":"product_tag","embeddable":true,"href":"https:\/\/promoalge.com.br\/index.php?rest_route=%2Fwp%2Fv2%2Fproduct_tag&post=1219"}],"curies":[{"name":"wp","href":"https:\/\/api.w.org\/{rel}","templated":true}]}}