{"id":12423,"date":"2026-03-19T14:47:36","date_gmt":"2026-03-19T17:47:36","guid":{"rendered":"https:\/\/promoalge.com.br\/?post_type=product&#038;p=12423"},"modified":"2026-03-19T14:47:37","modified_gmt":"2026-03-19T17:47:37","slug":"mochila-poliester-para-notebook-pr-14075","status":"publish","type":"product","link":"https:\/\/promoalge.com.br\/?product=mochila-poliester-para-notebook-pr-14075","title":{"rendered":"Mochila Poli\u00e9ster para Notebook &#8211; PR 14075"},"content":{"rendered":"","protected":false},"excerpt":{"rendered":"<div class=\"desc\">\n<p class=\"desc-tit\">Descri\u00e7\u00e3o:\u00a0<span class=\"desc-sub my-desc-sub\">Mochila poli\u00e9ster com compartimento para notebook. Possui um compartimento superior com bolso interno para notebook, segundo compartimento superior com divis\u00f3rias internas para documentos e bolso de tela al\u00e9m de um sa\u00edda interna para fones de ouvido e dois bolsos nas laterais. Al\u00e7a de m\u00e3o, al\u00e7as ajust\u00e1veis para as costas revestidas com espuma e parte traseira tamb\u00e9m revestida com espuma para um maior conforto.<\/span><\/p>\n<\/div>\n<div class=\"desc\">\n<p class=\"desc-tit\">Altura<span class=\"desc-sub\">\u00a0:\u00a0 48 cm<\/span><\/p>\n<\/div>\n<div class=\"desc\">\n<p class=\"desc-tit\">Largura<span class=\"desc-sub\">\u00a0:\u00a0 37 cm<\/span><\/p>\n<\/div>\n<div class=\"desc\">\n<p class=\"desc-tit\">Profundidade<span class=\"desc-sub\">\u00a0:\u00a0 13,5 cm<\/span><\/p>\n<p>Quantidade minima de 50 unidades.<\/p>\n<\/div>\n","protected":false},"featured_media":12424,"template":"","meta":[],"product_brand":[],"product_cat":[79],"product_tag":[],"class_list":{"0":"post-12423","1":"product","2":"type-product","3":"status-publish","4":"has-post-thumbnail","6":"product_cat-bolsas-mochilas","8":"first","9":"instock","10":"shipping-taxable","11":"product-type-simple"},"_links":{"self":[{"href":"https:\/\/promoalge.com.br\/index.php?rest_route=\/wp\/v2\/product\/12423","targetHints":{"allow":["GET"]}}],"collection":[{"href":"https:\/\/promoalge.com.br\/index.php?rest_route=\/wp\/v2\/product"}],"about":[{"href":"https:\/\/promoalge.com.br\/index.php?rest_route=\/wp\/v2\/types\/product"}],"wp:featuredmedia":[{"embeddable":true,"href":"https:\/\/promoalge.com.br\/index.php?rest_route=\/wp\/v2\/media\/12424"}],"wp:attachment":[{"href":"https:\/\/promoalge.com.br\/index.php?rest_route=%2Fwp%2Fv2%2Fmedia&parent=12423"}],"wp:term":[{"taxonomy":"product_brand","embeddable":true,"href":"https:\/\/promoalge.com.br\/index.php?rest_route=%2Fwp%2Fv2%2Fproduct_brand&post=12423"},{"taxonomy":"product_cat","embeddable":true,"href":"https:\/\/promoalge.com.br\/index.php?rest_route=%2Fwp%2Fv2%2Fproduct_cat&post=12423"},{"taxonomy":"product_tag","embeddable":true,"href":"https:\/\/promoalge.com.br\/index.php?rest_route=%2Fwp%2Fv2%2Fproduct_tag&post=12423"}],"curies":[{"name":"wp","href":"https:\/\/api.w.org\/{rel}","templated":true}]}}