{"id":12430,"date":"2026-03-19T15:16:53","date_gmt":"2026-03-19T18:16:53","guid":{"rendered":"https:\/\/promoalge.com.br\/?post_type=product&#038;p=12430"},"modified":"2026-03-19T15:16:54","modified_gmt":"2026-03-19T18:16:54","slug":"mochila-poliester-anti-furto-usb-pr-14290","status":"publish","type":"product","link":"https:\/\/promoalge.com.br\/?product=mochila-poliester-anti-furto-usb-pr-14290","title":{"rendered":"Mochila Poli\u00e9ster Anti-Furto USB &#8211; PR 14290"},"content":{"rendered":"","protected":false},"excerpt":{"rendered":"<div class=\"desc\">\n<p class=\"desc-tit\">Descri\u00e7\u00e3o:\u00a0<span class=\"desc-sub my-desc-sub\">Mochila anti-furto de poli\u00e9ster. Pensando na seguran\u00e7a do usu\u00e1rio foi confeccionado o compartimento principal na \u00e1rea traseira, impossibilitando a abertura do produto mesmo com a mochila na costa do usu\u00e1rio. Possui dispositivo com entrada USB na parte externa com cabo USB acoplado internamente; permitindo a conex\u00e3o de um carregador port\u00e1til na \u00e1rea interna e a conex\u00e3o de um eletr\u00f4nico na \u00e1rea externa, viabilizando a carga e utiliza\u00e7\u00e3o do eletr\u00f4nico enquanto caminha. \u00c1rea interna do compartimento principal: bolso para notebook de 15,6 polegadas, bolso para tablet, quatro bolsos para acess\u00f3rios, possui nas laterais internas sistema de velcro, maximizando a seguran\u00e7a da mochila. Parte frontal com faixa refletiva, al\u00e7as para as costas ajust\u00e1veis revestidas com espuma para um maior conforto sendo uma delas com bolso de z\u00edper, al\u00e7a para m\u00e3os e al\u00e7a horizontal para encaixe em malas de viagem.<\/span><\/p>\n<\/div>\n<div class=\"desc\">\n<p class=\"desc-tit\">Altura<span class=\"desc-sub\">\u00a0:\u00a0 28 cm<\/span><\/p>\n<\/div>\n<div class=\"desc\">\n<p class=\"desc-tit\">Largura<span class=\"desc-sub\">\u00a0:\u00a0 24 cm<\/span><\/p>\n<\/div>\n<div class=\"desc\">\n<p class=\"desc-tit\">Profundidade<span class=\"desc-sub\">\u00a0:\u00a0 11 cm<\/span><\/p>\n<p>Quantidade minima de 50 unidades.<\/p>\n<\/div>\n","protected":false},"featured_media":12431,"template":"","meta":[],"product_brand":[],"product_cat":[79],"product_tag":[],"class_list":{"0":"post-12430","1":"product","2":"type-product","3":"status-publish","4":"has-post-thumbnail","6":"product_cat-bolsas-mochilas","8":"first","9":"instock","10":"shipping-taxable","11":"product-type-simple"},"_links":{"self":[{"href":"https:\/\/promoalge.com.br\/index.php?rest_route=\/wp\/v2\/product\/12430","targetHints":{"allow":["GET"]}}],"collection":[{"href":"https:\/\/promoalge.com.br\/index.php?rest_route=\/wp\/v2\/product"}],"about":[{"href":"https:\/\/promoalge.com.br\/index.php?rest_route=\/wp\/v2\/types\/product"}],"wp:featuredmedia":[{"embeddable":true,"href":"https:\/\/promoalge.com.br\/index.php?rest_route=\/wp\/v2\/media\/12431"}],"wp:attachment":[{"href":"https:\/\/promoalge.com.br\/index.php?rest_route=%2Fwp%2Fv2%2Fmedia&parent=12430"}],"wp:term":[{"taxonomy":"product_brand","embeddable":true,"href":"https:\/\/promoalge.com.br\/index.php?rest_route=%2Fwp%2Fv2%2Fproduct_brand&post=12430"},{"taxonomy":"product_cat","embeddable":true,"href":"https:\/\/promoalge.com.br\/index.php?rest_route=%2Fwp%2Fv2%2Fproduct_cat&post=12430"},{"taxonomy":"product_tag","embeddable":true,"href":"https:\/\/promoalge.com.br\/index.php?rest_route=%2Fwp%2Fv2%2Fproduct_tag&post=12430"}],"curies":[{"name":"wp","href":"https:\/\/api.w.org\/{rel}","templated":true}]}}