{"id":12532,"date":"2026-03-31T15:45:16","date_gmt":"2026-03-31T18:45:16","guid":{"rendered":"https:\/\/promoalge.com.br\/?post_type=product&#038;p=12532"},"modified":"2026-03-31T15:45:16","modified_gmt":"2026-03-31T18:45:16","slug":"garrafa-termica-400ml-pr-09181","status":"publish","type":"product","link":"https:\/\/promoalge.com.br\/?product=garrafa-termica-400ml-pr-09181","title":{"rendered":"Garrafa T\u00e9rmica 400ml &#8211; PR 09181"},"content":{"rendered":"","protected":false},"excerpt":{"rendered":"<div class=\"desc\">\n<p class=\"desc-tit\">Descri\u00e7\u00e3o:\u00a0<span class=\"desc-sub my-desc-sub\">Garrafa T\u00e9rmica em inox 304, pintura eletrost\u00e1tica e capacidade para at\u00e9 400ml. Possui estrutura em parede dupla e veda\u00e7\u00e3o a v\u00e1cuo para oferecer a conserva\u00e7\u00e3o da temperatura de l\u00edquidos por mais tempo. Disp\u00f5e ainda de tampa rosque\u00e1vel em pl\u00e1stico, com protetor rosque\u00e1vel para o bocal e al\u00e7a para transporte. Acompanha base antiderrapante remov\u00edvel.<\/span><\/p>\n<\/div>\n<div class=\"desc\">\n<p class=\"desc-tit\">Altura<span class=\"desc-sub\">\u00a0:\u00a0 18 cm<\/span><\/p>\n<\/div>\n<div class=\"desc\">\n<p class=\"desc-tit\">Largura<span class=\"desc-sub\">\u00a0:\u00a0 7,6 cm<\/span><\/p>\n<\/div>\n<div class=\"desc\">\n<p class=\"desc-tit\">Diametro<span class=\"desc-sub\">\u00a0:\u00a0 5,5 cm<\/span><\/p>\n<p>Quantidade minima de 50 unidades.<\/p>\n<\/div>\n","protected":false},"featured_media":12533,"template":"","meta":[],"product_brand":[],"product_cat":[237],"product_tag":[],"class_list":{"0":"post-12532","1":"product","2":"type-product","3":"status-publish","4":"has-post-thumbnail","6":"product_cat-metalicas","8":"first","9":"instock","10":"shipping-taxable","11":"product-type-simple"},"_links":{"self":[{"href":"https:\/\/promoalge.com.br\/index.php?rest_route=\/wp\/v2\/product\/12532","targetHints":{"allow":["GET"]}}],"collection":[{"href":"https:\/\/promoalge.com.br\/index.php?rest_route=\/wp\/v2\/product"}],"about":[{"href":"https:\/\/promoalge.com.br\/index.php?rest_route=\/wp\/v2\/types\/product"}],"wp:featuredmedia":[{"embeddable":true,"href":"https:\/\/promoalge.com.br\/index.php?rest_route=\/wp\/v2\/media\/12533"}],"wp:attachment":[{"href":"https:\/\/promoalge.com.br\/index.php?rest_route=%2Fwp%2Fv2%2Fmedia&parent=12532"}],"wp:term":[{"taxonomy":"product_brand","embeddable":true,"href":"https:\/\/promoalge.com.br\/index.php?rest_route=%2Fwp%2Fv2%2Fproduct_brand&post=12532"},{"taxonomy":"product_cat","embeddable":true,"href":"https:\/\/promoalge.com.br\/index.php?rest_route=%2Fwp%2Fv2%2Fproduct_cat&post=12532"},{"taxonomy":"product_tag","embeddable":true,"href":"https:\/\/promoalge.com.br\/index.php?rest_route=%2Fwp%2Fv2%2Fproduct_tag&post=12532"}],"curies":[{"name":"wp","href":"https:\/\/api.w.org\/{rel}","templated":true}]}}