{"id":12549,"date":"2026-03-31T16:56:24","date_gmt":"2026-03-31T19:56:24","guid":{"rendered":"https:\/\/promoalge.com.br\/?post_type=product&#038;p=12549"},"modified":"2026-03-31T16:56:24","modified_gmt":"2026-03-31T19:56:24","slug":"garrafa-termica-550ml-pr-09241","status":"publish","type":"product","link":"https:\/\/promoalge.com.br\/?product=garrafa-termica-550ml-pr-09241","title":{"rendered":"Garrafa T\u00e9rmica 550ml &#8211; PR 09241"},"content":{"rendered":"","protected":false},"excerpt":{"rendered":"<div class=\"desc\">\n<p class=\"desc-tit\">Descri\u00e7\u00e3o:\u00a0<span class=\"desc-sub my-desc-sub\">Garrafa t\u00e9rmica em inox SUS 304. Conta com estrutura de parede dupla e veda\u00e7\u00e3o a v\u00e1cuo, ajudando a conservar a temperatura dos l\u00edquidos por mais tempo. Possui sistema de canudo com acionamento e dois modos de uso para beber, sendo um deles atrav\u00e9s da abertura principal e outro por meio do bico em\u00a0pl\u00e1stico polipropileno (PP) integrado \u00e0 tampa. Sua tampa \u00e9 rosque\u00e1vel em pl\u00e1stico, com protetor para o bocal e para o bico suporte do canudo, al\u00e9m de trava de seguran\u00e7a que impede a abertura do protetor. Conta com base antiderrapante para maior estabilidade, al\u00e7a de PVC com fibra sint\u00e9tica e acompanha canudo de silicone para encaixe interno na tampa.<\/span><\/p>\n<\/div>\n<div class=\"desc\">\n<p class=\"desc-tit\">Altura<span class=\"desc-sub\">\u00a0:\u00a0 23,9 cm<\/span><\/p>\n<\/div>\n<div class=\"desc\">\n<p class=\"desc-tit\">Largura<span class=\"desc-sub\">\u00a0:\u00a0 7,9 cm<\/span><\/p>\n<\/div>\n<div class=\"desc\">\n<p class=\"desc-tit\">Circunfer\u00eancia<span class=\"desc-sub\">\u00a0:\u00a0 24,9 cm<\/span><\/p>\n<\/div>\n<div class=\"desc\">\n<p class=\"desc-tit\">Diametro<span class=\"desc-sub\">\u00a0:\u00a0 5,5 cm<\/span><\/p>\n<p>Quantidade minima de 50 unidades.<\/p>\n<\/div>\n","protected":false},"featured_media":12550,"template":"","meta":[],"product_brand":[],"product_cat":[237],"product_tag":[],"class_list":{"0":"post-12549","1":"product","2":"type-product","3":"status-publish","4":"has-post-thumbnail","6":"product_cat-metalicas","8":"first","9":"instock","10":"shipping-taxable","11":"product-type-simple"},"_links":{"self":[{"href":"https:\/\/promoalge.com.br\/index.php?rest_route=\/wp\/v2\/product\/12549","targetHints":{"allow":["GET"]}}],"collection":[{"href":"https:\/\/promoalge.com.br\/index.php?rest_route=\/wp\/v2\/product"}],"about":[{"href":"https:\/\/promoalge.com.br\/index.php?rest_route=\/wp\/v2\/types\/product"}],"wp:featuredmedia":[{"embeddable":true,"href":"https:\/\/promoalge.com.br\/index.php?rest_route=\/wp\/v2\/media\/12550"}],"wp:attachment":[{"href":"https:\/\/promoalge.com.br\/index.php?rest_route=%2Fwp%2Fv2%2Fmedia&parent=12549"}],"wp:term":[{"taxonomy":"product_brand","embeddable":true,"href":"https:\/\/promoalge.com.br\/index.php?rest_route=%2Fwp%2Fv2%2Fproduct_brand&post=12549"},{"taxonomy":"product_cat","embeddable":true,"href":"https:\/\/promoalge.com.br\/index.php?rest_route=%2Fwp%2Fv2%2Fproduct_cat&post=12549"},{"taxonomy":"product_tag","embeddable":true,"href":"https:\/\/promoalge.com.br\/index.php?rest_route=%2Fwp%2Fv2%2Fproduct_tag&post=12549"}],"curies":[{"name":"wp","href":"https:\/\/api.w.org\/{rel}","templated":true}]}}