{"id":12557,"date":"2026-04-02T10:55:40","date_gmt":"2026-04-02T13:55:40","guid":{"rendered":"https:\/\/promoalge.com.br\/?post_type=product&#038;p=12557"},"modified":"2026-04-02T10:55:41","modified_gmt":"2026-04-02T13:55:41","slug":"garrafa-termica-500ml-pr-19104e","status":"publish","type":"product","link":"https:\/\/promoalge.com.br\/?product=garrafa-termica-500ml-pr-19104e","title":{"rendered":"Garrafa T\u00e9rmica 500ml &#8211; PR 19104E"},"content":{"rendered":"","protected":false},"excerpt":{"rendered":"<div class=\"desc\">\n<p class=\"desc-tit\">Descri\u00e7\u00e3o:\u00a0<span class=\"desc-sub my-desc-sub\">Garrafa t\u00e9rmica em inox com pintura emborrachada e capacidade para at\u00e9 500ml. Possui estrutura de parede dupla e veda\u00e7\u00e3o a v\u00e1cuo que permite conservar a temperatura de bebidas por mais tempo, al\u00e9m de tampa rosque\u00e1vel em bambu com al\u00e7a pl\u00e1stica para transporte.<\/span><\/p>\n<\/div>\n<div class=\"desc\">\n<p class=\"desc-tit\">Altura<span class=\"desc-sub\">\u00a0:\u00a0 23,7 cm<\/span><\/p>\n<\/div>\n<div class=\"desc\">\n<p class=\"desc-tit\">Largura<span class=\"desc-sub\">\u00a0:\u00a0 7,3 cm<\/span><\/p>\n<\/div>\n<div class=\"desc\">\n<p class=\"desc-tit\">Circunfer\u00eancia<span class=\"desc-sub\">\u00a0:\u00a0 23,2 cm<\/span><\/p>\n<\/div>\n<div class=\"desc\">\n<p class=\"desc-tit\">Diametro<span class=\"desc-sub\">\u00a0:\u00a0 3,5 cm<\/span><\/p>\n<\/div>\n<p>Quantidade minima de 50 unidades.<\/p>\n","protected":false},"featured_media":12558,"template":"","meta":[],"product_brand":[],"product_cat":[237],"product_tag":[],"class_list":{"0":"post-12557","1":"product","2":"type-product","3":"status-publish","4":"has-post-thumbnail","6":"product_cat-metalicas","8":"first","9":"instock","10":"shipping-taxable","11":"product-type-simple"},"_links":{"self":[{"href":"https:\/\/promoalge.com.br\/index.php?rest_route=\/wp\/v2\/product\/12557","targetHints":{"allow":["GET"]}}],"collection":[{"href":"https:\/\/promoalge.com.br\/index.php?rest_route=\/wp\/v2\/product"}],"about":[{"href":"https:\/\/promoalge.com.br\/index.php?rest_route=\/wp\/v2\/types\/product"}],"wp:featuredmedia":[{"embeddable":true,"href":"https:\/\/promoalge.com.br\/index.php?rest_route=\/wp\/v2\/media\/12558"}],"wp:attachment":[{"href":"https:\/\/promoalge.com.br\/index.php?rest_route=%2Fwp%2Fv2%2Fmedia&parent=12557"}],"wp:term":[{"taxonomy":"product_brand","embeddable":true,"href":"https:\/\/promoalge.com.br\/index.php?rest_route=%2Fwp%2Fv2%2Fproduct_brand&post=12557"},{"taxonomy":"product_cat","embeddable":true,"href":"https:\/\/promoalge.com.br\/index.php?rest_route=%2Fwp%2Fv2%2Fproduct_cat&post=12557"},{"taxonomy":"product_tag","embeddable":true,"href":"https:\/\/promoalge.com.br\/index.php?rest_route=%2Fwp%2Fv2%2Fproduct_tag&post=12557"}],"curies":[{"name":"wp","href":"https:\/\/api.w.org\/{rel}","templated":true}]}}