{"id":12572,"date":"2026-04-02T11:53:47","date_gmt":"2026-04-02T14:53:47","guid":{"rendered":"https:\/\/promoalge.com.br\/?post_type=product&#038;p=12572"},"modified":"2026-04-02T11:53:47","modified_gmt":"2026-04-02T14:53:47","slug":"squeeze-plastico-900ml-pr-02426a","status":"publish","type":"product","link":"https:\/\/promoalge.com.br\/?product=squeeze-plastico-900ml-pr-02426a","title":{"rendered":"Squeeze Pl\u00e1stico 900ml &#8211; PR 02426A"},"content":{"rendered":"","protected":false},"excerpt":{"rendered":"<div class=\"desc\">\n<p class=\"desc-tit\">Descri\u00e7\u00e3o:\u00a0<span class=\"desc-sub my-desc-sub\">Squeeze pl\u00e1stico com acabamento fosco, marca\u00e7\u00e3o de volume e capacidade m\u00e1xima de 900ml. Possui tampa rosque\u00e1vel com al\u00e7a fixa, bico flip e canudo interno remov\u00edvel. Acompanha tira emborrachada remov\u00edvel.<\/span><\/p>\n<\/div>\n<div class=\"desc\">\n<p class=\"desc-tit\">Altura<span class=\"desc-sub\">\u00a0:\u00a0 26,8 cm<\/span><\/p>\n<\/div>\n<div class=\"desc\">\n<p class=\"desc-tit\">Largura<span class=\"desc-sub\">\u00a0:\u00a0 9,3 cm<\/span><\/p>\n<\/div>\n<div class=\"desc\">\n<p class=\"desc-tit\">Circunfer\u00eancia<span class=\"desc-sub\">\u00a0:\u00a0 23,9 cm<\/span><\/p>\n<p>Quantidade minima de 50 unidades.<\/p>\n<\/div>\n","protected":false},"featured_media":12573,"template":"","meta":[],"product_brand":[],"product_cat":[251],"product_tag":[],"class_list":{"0":"post-12572","1":"product","2":"type-product","3":"status-publish","4":"has-post-thumbnail","6":"product_cat-plastica-canecas-copos-garrafas","8":"first","9":"instock","10":"shipping-taxable","11":"product-type-simple"},"_links":{"self":[{"href":"https:\/\/promoalge.com.br\/index.php?rest_route=\/wp\/v2\/product\/12572","targetHints":{"allow":["GET"]}}],"collection":[{"href":"https:\/\/promoalge.com.br\/index.php?rest_route=\/wp\/v2\/product"}],"about":[{"href":"https:\/\/promoalge.com.br\/index.php?rest_route=\/wp\/v2\/types\/product"}],"wp:featuredmedia":[{"embeddable":true,"href":"https:\/\/promoalge.com.br\/index.php?rest_route=\/wp\/v2\/media\/12573"}],"wp:attachment":[{"href":"https:\/\/promoalge.com.br\/index.php?rest_route=%2Fwp%2Fv2%2Fmedia&parent=12572"}],"wp:term":[{"taxonomy":"product_brand","embeddable":true,"href":"https:\/\/promoalge.com.br\/index.php?rest_route=%2Fwp%2Fv2%2Fproduct_brand&post=12572"},{"taxonomy":"product_cat","embeddable":true,"href":"https:\/\/promoalge.com.br\/index.php?rest_route=%2Fwp%2Fv2%2Fproduct_cat&post=12572"},{"taxonomy":"product_tag","embeddable":true,"href":"https:\/\/promoalge.com.br\/index.php?rest_route=%2Fwp%2Fv2%2Fproduct_tag&post=12572"}],"curies":[{"name":"wp","href":"https:\/\/api.w.org\/{rel}","templated":true}]}}