{"id":12599,"date":"2026-04-02T14:12:06","date_gmt":"2026-04-02T17:12:06","guid":{"rendered":"https:\/\/promoalge.com.br\/?post_type=product&#038;p=12599"},"modified":"2026-04-02T14:12:06","modified_gmt":"2026-04-02T17:12:06","slug":"garrafa-termica-inox-400ml-pr-02112","status":"publish","type":"product","link":"https:\/\/promoalge.com.br\/?product=garrafa-termica-inox-400ml-pr-02112","title":{"rendered":"Garrafa T\u00e9rmica Inox 400ml &#8211; PR 02112"},"content":{"rendered":"","protected":false},"excerpt":{"rendered":"<p>Descri\u00e7\u00e3o:\u00a0<span class=\"desc-sub my-desc-sub\">Garrafa t\u00e9rmica de 400ml de inox colorida com bot\u00e3o e v\u00e1lvula para abertura. Possui um sistema de trava (basta mover para cima\/baixo para abrir\/fechar), pressione o bot\u00e3o central para abrir a tampa(possui na parte interna borracha protetora evitando vazar o l\u00edquido). Para abrir a tampa por completo basta rosque\u00e1-la, parte interna revestida em inox. Na embalagem do produto pode ir especificado a capacidade de 450ml ou 500ml devido aos fabricantes que trabalham terem impresso a descri\u00e7\u00e3o deste modo, por\u00e9m ressalvamos a capacidade correta de 400ml.<\/span><\/p>\n<p>Quantidade minima de 50 unidades.<\/p>\n","protected":false},"featured_media":12600,"template":"","meta":[],"product_brand":[],"product_cat":[237],"product_tag":[],"class_list":{"0":"post-12599","1":"product","2":"type-product","3":"status-publish","4":"has-post-thumbnail","6":"product_cat-metalicas","8":"first","9":"instock","10":"shipping-taxable","11":"product-type-simple"},"_links":{"self":[{"href":"https:\/\/promoalge.com.br\/index.php?rest_route=\/wp\/v2\/product\/12599","targetHints":{"allow":["GET"]}}],"collection":[{"href":"https:\/\/promoalge.com.br\/index.php?rest_route=\/wp\/v2\/product"}],"about":[{"href":"https:\/\/promoalge.com.br\/index.php?rest_route=\/wp\/v2\/types\/product"}],"wp:featuredmedia":[{"embeddable":true,"href":"https:\/\/promoalge.com.br\/index.php?rest_route=\/wp\/v2\/media\/12600"}],"wp:attachment":[{"href":"https:\/\/promoalge.com.br\/index.php?rest_route=%2Fwp%2Fv2%2Fmedia&parent=12599"}],"wp:term":[{"taxonomy":"product_brand","embeddable":true,"href":"https:\/\/promoalge.com.br\/index.php?rest_route=%2Fwp%2Fv2%2Fproduct_brand&post=12599"},{"taxonomy":"product_cat","embeddable":true,"href":"https:\/\/promoalge.com.br\/index.php?rest_route=%2Fwp%2Fv2%2Fproduct_cat&post=12599"},{"taxonomy":"product_tag","embeddable":true,"href":"https:\/\/promoalge.com.br\/index.php?rest_route=%2Fwp%2Fv2%2Fproduct_tag&post=12599"}],"curies":[{"name":"wp","href":"https:\/\/api.w.org\/{rel}","templated":true}]}}