{"id":12606,"date":"2026-04-02T14:28:32","date_gmt":"2026-04-02T17:28:32","guid":{"rendered":"https:\/\/promoalge.com.br\/?post_type=product&#038;p=12606"},"modified":"2026-04-02T14:28:32","modified_gmt":"2026-04-02T17:28:32","slug":"squeeze-aluminio-420ml-pr-09138","status":"publish","type":"product","link":"https:\/\/promoalge.com.br\/?product=squeeze-aluminio-420ml-pr-09138","title":{"rendered":"Squeeze Alum\u00ednio 420ml &#8211; PR 09138"},"content":{"rendered":"","protected":false},"excerpt":{"rendered":"<div class=\"desc\">\n<p class=\"desc-tit\">Descri\u00e7\u00e3o:\u00a0<span class=\"desc-sub my-desc-sub\">Squeeze de alum\u00ednio com capacidade de 420ml com tampa pl\u00e1stica rosque\u00e1vel. Acompanha mosquet\u00e3o.<\/span><\/p>\n<\/div>\n<div class=\"desc\">\n<p class=\"desc-tit\">Altura<span class=\"desc-sub\">\u00a0:\u00a0 17,6 cm<\/span><\/p>\n<\/div>\n<div class=\"desc\">\n<p class=\"desc-tit\">Largura<span class=\"desc-sub\">\u00a0:\u00a0 6,6 cm<\/span><\/p>\n<\/div>\n<div class=\"desc\">\n<p class=\"desc-tit\">Circunfer\u00eancia<span class=\"desc-sub\">\u00a0:\u00a0 20,5 cm<\/span><\/p>\n<p>Quantidade minima de 50 unidades.<\/p>\n<\/div>\n","protected":false},"featured_media":12607,"template":"","meta":[],"product_brand":[],"product_cat":[237],"product_tag":[],"class_list":{"0":"post-12606","1":"product","2":"type-product","3":"status-publish","4":"has-post-thumbnail","6":"product_cat-metalicas","8":"first","9":"instock","10":"shipping-taxable","11":"product-type-simple"},"_links":{"self":[{"href":"https:\/\/promoalge.com.br\/index.php?rest_route=\/wp\/v2\/product\/12606","targetHints":{"allow":["GET"]}}],"collection":[{"href":"https:\/\/promoalge.com.br\/index.php?rest_route=\/wp\/v2\/product"}],"about":[{"href":"https:\/\/promoalge.com.br\/index.php?rest_route=\/wp\/v2\/types\/product"}],"wp:featuredmedia":[{"embeddable":true,"href":"https:\/\/promoalge.com.br\/index.php?rest_route=\/wp\/v2\/media\/12607"}],"wp:attachment":[{"href":"https:\/\/promoalge.com.br\/index.php?rest_route=%2Fwp%2Fv2%2Fmedia&parent=12606"}],"wp:term":[{"taxonomy":"product_brand","embeddable":true,"href":"https:\/\/promoalge.com.br\/index.php?rest_route=%2Fwp%2Fv2%2Fproduct_brand&post=12606"},{"taxonomy":"product_cat","embeddable":true,"href":"https:\/\/promoalge.com.br\/index.php?rest_route=%2Fwp%2Fv2%2Fproduct_cat&post=12606"},{"taxonomy":"product_tag","embeddable":true,"href":"https:\/\/promoalge.com.br\/index.php?rest_route=%2Fwp%2Fv2%2Fproduct_tag&post=12606"}],"curies":[{"name":"wp","href":"https:\/\/api.w.org\/{rel}","templated":true}]}}