{"id":12611,"date":"2026-04-07T14:06:23","date_gmt":"2026-04-07T17:06:23","guid":{"rendered":"https:\/\/promoalge.com.br\/?post_type=product&#038;p=12611"},"modified":"2026-04-07T14:06:23","modified_gmt":"2026-04-07T17:06:23","slug":"squeeze-aluminio-650ml-pr-12487d","status":"publish","type":"product","link":"https:\/\/promoalge.com.br\/?product=squeeze-aluminio-650ml-pr-12487d","title":{"rendered":"Squeeze Alum\u00ednio 650ml &#8211; PR 12487D"},"content":{"rendered":"","protected":false},"excerpt":{"rendered":"<div class=\"desc\">\n<p class=\"desc-tit\">Descri\u00e7\u00e3o:\u00a0<span class=\"desc-sub my-desc-sub\">Squeeze de alum\u00ednio com capacidade de 650ml com acabamento leitoso fosco, cont\u00e9m tampa pl\u00e1stica rosque\u00e1vel, al\u00e7a e tampa protetora para o bocal.<\/span><\/p>\n<\/div>\n<div class=\"desc\">\n<p class=\"desc-tit\">Altura<span class=\"desc-sub\">\u00a0:\u00a0 20,6 cm<\/span><\/p>\n<\/div>\n<div class=\"desc\">\n<p class=\"desc-tit\">Largura<span class=\"desc-sub\">\u00a0:\u00a0 8,7 cm<\/span><\/p>\n<\/div>\n<div class=\"desc\">\n<p class=\"desc-tit\">Circunfer\u00eancia<span class=\"desc-sub\">\u00a0:\u00a0 22,8 cm<\/span><\/p>\n<p>Quantidade minima de 50 unidades.<\/p>\n<\/div>\n","protected":false},"featured_media":12612,"template":"","meta":[],"product_brand":[],"product_cat":[237],"product_tag":[],"class_list":{"0":"post-12611","1":"product","2":"type-product","3":"status-publish","4":"has-post-thumbnail","6":"product_cat-metalicas","8":"first","9":"instock","10":"shipping-taxable","11":"product-type-simple"},"_links":{"self":[{"href":"https:\/\/promoalge.com.br\/index.php?rest_route=\/wp\/v2\/product\/12611","targetHints":{"allow":["GET"]}}],"collection":[{"href":"https:\/\/promoalge.com.br\/index.php?rest_route=\/wp\/v2\/product"}],"about":[{"href":"https:\/\/promoalge.com.br\/index.php?rest_route=\/wp\/v2\/types\/product"}],"wp:featuredmedia":[{"embeddable":true,"href":"https:\/\/promoalge.com.br\/index.php?rest_route=\/wp\/v2\/media\/12612"}],"wp:attachment":[{"href":"https:\/\/promoalge.com.br\/index.php?rest_route=%2Fwp%2Fv2%2Fmedia&parent=12611"}],"wp:term":[{"taxonomy":"product_brand","embeddable":true,"href":"https:\/\/promoalge.com.br\/index.php?rest_route=%2Fwp%2Fv2%2Fproduct_brand&post=12611"},{"taxonomy":"product_cat","embeddable":true,"href":"https:\/\/promoalge.com.br\/index.php?rest_route=%2Fwp%2Fv2%2Fproduct_cat&post=12611"},{"taxonomy":"product_tag","embeddable":true,"href":"https:\/\/promoalge.com.br\/index.php?rest_route=%2Fwp%2Fv2%2Fproduct_tag&post=12611"}],"curies":[{"name":"wp","href":"https:\/\/api.w.org\/{rel}","templated":true}]}}