{"id":12625,"date":"2026-04-07T14:33:05","date_gmt":"2026-04-07T17:33:05","guid":{"rendered":"https:\/\/promoalge.com.br\/?post_type=product&#038;p=12625"},"modified":"2026-04-07T14:33:06","modified_gmt":"2026-04-07T17:33:06","slug":"garrafa-termica-inox-500ml-pr-01116","status":"publish","type":"product","link":"https:\/\/promoalge.com.br\/?product=garrafa-termica-inox-500ml-pr-01116","title":{"rendered":"Garrafa T\u00e9rmica Inox 500ml &#8211; PR 01116"},"content":{"rendered":"","protected":false},"excerpt":{"rendered":"<p class=\"produto-nome\">Descri\u00e7\u00e3o: <span class=\"desc-sub my-desc-sub\">Garrafa t\u00e9rmica 500ml em inox com tampa rosque\u00e1vel, tampa interna em pl\u00e1stico resistente(basta um clique para abrir ou fechar). Acompanha capa protetora de couro sint\u00e9tico com al\u00e7a de nylon.<\/span><\/p>\n<div class=\"desc\">\n<div class=\"desc\">\n<p class=\"desc-tit\">Altura<span class=\"desc-sub\">\u00a0:\u00a0 24,8 cm<\/span><\/p>\n<\/div>\n<div class=\"desc\">\n<p class=\"desc-tit\">Largura<span class=\"desc-sub\">\u00a0:\u00a0 6,7 cm<\/span><\/p>\n<p>Quantidade minima de 50 unidades.<\/p>\n<\/div>\n<\/div>\n","protected":false},"featured_media":12626,"template":"","meta":[],"product_brand":[],"product_cat":[237],"product_tag":[],"class_list":{"0":"post-12625","1":"product","2":"type-product","3":"status-publish","4":"has-post-thumbnail","6":"product_cat-metalicas","8":"first","9":"instock","10":"shipping-taxable","11":"product-type-simple"},"_links":{"self":[{"href":"https:\/\/promoalge.com.br\/index.php?rest_route=\/wp\/v2\/product\/12625","targetHints":{"allow":["GET"]}}],"collection":[{"href":"https:\/\/promoalge.com.br\/index.php?rest_route=\/wp\/v2\/product"}],"about":[{"href":"https:\/\/promoalge.com.br\/index.php?rest_route=\/wp\/v2\/types\/product"}],"wp:featuredmedia":[{"embeddable":true,"href":"https:\/\/promoalge.com.br\/index.php?rest_route=\/wp\/v2\/media\/12626"}],"wp:attachment":[{"href":"https:\/\/promoalge.com.br\/index.php?rest_route=%2Fwp%2Fv2%2Fmedia&parent=12625"}],"wp:term":[{"taxonomy":"product_brand","embeddable":true,"href":"https:\/\/promoalge.com.br\/index.php?rest_route=%2Fwp%2Fv2%2Fproduct_brand&post=12625"},{"taxonomy":"product_cat","embeddable":true,"href":"https:\/\/promoalge.com.br\/index.php?rest_route=%2Fwp%2Fv2%2Fproduct_cat&post=12625"},{"taxonomy":"product_tag","embeddable":true,"href":"https:\/\/promoalge.com.br\/index.php?rest_route=%2Fwp%2Fv2%2Fproduct_tag&post=12625"}],"curies":[{"name":"wp","href":"https:\/\/api.w.org\/{rel}","templated":true}]}}