{"id":12646,"date":"2026-04-07T15:45:34","date_gmt":"2026-04-07T18:45:34","guid":{"rendered":"https:\/\/promoalge.com.br\/?post_type=product&#038;p=12646"},"modified":"2026-04-07T15:45:34","modified_gmt":"2026-04-07T18:45:34","slug":"garrafa-com-misturador-380ml-pr-14995b","status":"publish","type":"product","link":"https:\/\/promoalge.com.br\/?product=garrafa-com-misturador-380ml-pr-14995b","title":{"rendered":"Garrafa com Misturador 380ml &#8211; PR 14995B"},"content":{"rendered":"","protected":false},"excerpt":{"rendered":"<div class=\"desc\">\n<p class=\"desc-tit\">Descri\u00e7\u00e3o:\u00a0<span class=\"desc-sub my-desc-sub\">Experimente a praticidade do nosso liquidificador port\u00e1til e sem fio! Com capacidade de 380ml, ele \u00e9 ideal para sucos, shakes e smoothies a qualquer hora, em qualquer lugar. Suas 6 l\u00e2minas de a\u00e7o inoxid\u00e1vel trituram frutas, vegetais e gelo com facilidade, garantindo misturas perfeitas em segundos. Opera\u00e7\u00e3o simplificada: basta um toque no bot\u00e3o. E para a limpeza? Super f\u00e1cil, com copo remov\u00edvel para higieniza\u00e7\u00e3o r\u00e1pida. Acompanha cabo USB. Obs. (Para o funcionamento do produto a quantidade total de frutas\/\u00e1gua adicionadas n\u00e3o deve exceder 300ml).<\/span><\/p>\n<\/div>\n<div class=\"desc\">\n<p class=\"desc-tit\">Altura<span class=\"desc-sub\">\u00a0:\u00a0 22,8 cm<\/span><\/p>\n<\/div>\n<div class=\"desc\">\n<p class=\"desc-tit\">Largura<span class=\"desc-sub\">\u00a0:\u00a0 7,4 cm<\/span><\/p>\n<\/div>\n<div class=\"desc\">\n<p class=\"desc-tit\">Circunfer\u00eancia<span class=\"desc-sub\">\u00a0:\u00a0 24,8 cm<\/span><\/p>\n<p>Quantidade minima de 50 unidades.<\/p>\n<\/div>\n","protected":false},"featured_media":12647,"template":"","meta":[],"product_brand":[],"product_cat":[251],"product_tag":[],"class_list":{"0":"post-12646","1":"product","2":"type-product","3":"status-publish","4":"has-post-thumbnail","6":"product_cat-plastica-canecas-copos-garrafas","8":"first","9":"instock","10":"shipping-taxable","11":"product-type-simple"},"_links":{"self":[{"href":"https:\/\/promoalge.com.br\/index.php?rest_route=\/wp\/v2\/product\/12646","targetHints":{"allow":["GET"]}}],"collection":[{"href":"https:\/\/promoalge.com.br\/index.php?rest_route=\/wp\/v2\/product"}],"about":[{"href":"https:\/\/promoalge.com.br\/index.php?rest_route=\/wp\/v2\/types\/product"}],"wp:featuredmedia":[{"embeddable":true,"href":"https:\/\/promoalge.com.br\/index.php?rest_route=\/wp\/v2\/media\/12647"}],"wp:attachment":[{"href":"https:\/\/promoalge.com.br\/index.php?rest_route=%2Fwp%2Fv2%2Fmedia&parent=12646"}],"wp:term":[{"taxonomy":"product_brand","embeddable":true,"href":"https:\/\/promoalge.com.br\/index.php?rest_route=%2Fwp%2Fv2%2Fproduct_brand&post=12646"},{"taxonomy":"product_cat","embeddable":true,"href":"https:\/\/promoalge.com.br\/index.php?rest_route=%2Fwp%2Fv2%2Fproduct_cat&post=12646"},{"taxonomy":"product_tag","embeddable":true,"href":"https:\/\/promoalge.com.br\/index.php?rest_route=%2Fwp%2Fv2%2Fproduct_tag&post=12646"}],"curies":[{"name":"wp","href":"https:\/\/api.w.org\/{rel}","templated":true}]}}