{"id":12665,"date":"2026-04-07T16:36:23","date_gmt":"2026-04-07T19:36:23","guid":{"rendered":"https:\/\/promoalge.com.br\/?post_type=product&#038;p=12665"},"modified":"2026-04-07T16:36:23","modified_gmt":"2026-04-07T19:36:23","slug":"squeeze-plastico-900ml-pr-18789","status":"publish","type":"product","link":"https:\/\/promoalge.com.br\/?product=squeeze-plastico-900ml-pr-18789","title":{"rendered":"Squeeze Pl\u00e1stico 900ml &#8211; PR 18789"},"content":{"rendered":"","protected":false},"excerpt":{"rendered":"<div class=\"desc\">\n<p class=\"desc-tit\">Descri\u00e7\u00e3o:\u00a0<span class=\"desc-sub my-desc-sub\">Squeeze pl\u00e1stico com capacidade de 900ml. Possui tampa rosque\u00e1vel com tampa protetora para bocal, trava de seguran\u00e7a com bot\u00e3o de acionamento e al\u00e7a para transporte. Pintura fosca.\u00a0<\/span><\/p>\n<\/div>\n<div class=\"desc\">\n<p class=\"desc-tit\">Altura<span class=\"desc-sub\">\u00a0:\u00a0 25,7 cm<\/span><\/p>\n<\/div>\n<div class=\"desc\">\n<p class=\"desc-tit\">Largura<span class=\"desc-sub\">\u00a0:\u00a0 7,9 cm<\/span><\/p>\n<\/div>\n<div class=\"desc\">\n<p class=\"desc-tit\">Circunfer\u00eancia<span class=\"desc-sub\">\u00a0:\u00a0 25,2 cm<\/span><\/p>\n<p>Quantidade minima de 50 unidades.<\/p>\n<\/div>\n","protected":false},"featured_media":12666,"template":"","meta":[],"product_brand":[],"product_cat":[251],"product_tag":[],"class_list":{"0":"post-12665","1":"product","2":"type-product","3":"status-publish","4":"has-post-thumbnail","6":"product_cat-plastica-canecas-copos-garrafas","8":"first","9":"instock","10":"shipping-taxable","11":"product-type-simple"},"_links":{"self":[{"href":"https:\/\/promoalge.com.br\/index.php?rest_route=\/wp\/v2\/product\/12665","targetHints":{"allow":["GET"]}}],"collection":[{"href":"https:\/\/promoalge.com.br\/index.php?rest_route=\/wp\/v2\/product"}],"about":[{"href":"https:\/\/promoalge.com.br\/index.php?rest_route=\/wp\/v2\/types\/product"}],"wp:featuredmedia":[{"embeddable":true,"href":"https:\/\/promoalge.com.br\/index.php?rest_route=\/wp\/v2\/media\/12666"}],"wp:attachment":[{"href":"https:\/\/promoalge.com.br\/index.php?rest_route=%2Fwp%2Fv2%2Fmedia&parent=12665"}],"wp:term":[{"taxonomy":"product_brand","embeddable":true,"href":"https:\/\/promoalge.com.br\/index.php?rest_route=%2Fwp%2Fv2%2Fproduct_brand&post=12665"},{"taxonomy":"product_cat","embeddable":true,"href":"https:\/\/promoalge.com.br\/index.php?rest_route=%2Fwp%2Fv2%2Fproduct_cat&post=12665"},{"taxonomy":"product_tag","embeddable":true,"href":"https:\/\/promoalge.com.br\/index.php?rest_route=%2Fwp%2Fv2%2Fproduct_tag&post=12665"}],"curies":[{"name":"wp","href":"https:\/\/api.w.org\/{rel}","templated":true}]}}