{"id":12669,"date":"2026-04-07T16:40:23","date_gmt":"2026-04-07T19:40:23","guid":{"rendered":"https:\/\/promoalge.com.br\/?post_type=product&#038;p=12669"},"modified":"2026-04-07T16:40:23","modified_gmt":"2026-04-07T19:40:23","slug":"squeeze-plastico-850ml-pr-18925","status":"publish","type":"product","link":"https:\/\/promoalge.com.br\/?product=squeeze-plastico-850ml-pr-18925","title":{"rendered":"Squeeze Pl\u00e1stico 850ml &#8211; PR 18925"},"content":{"rendered":"","protected":false},"excerpt":{"rendered":"<div class=\"desc\">\n<p class=\"desc-tit\">Descri\u00e7\u00e3o:\u00a0<span class=\"desc-sub my-desc-sub\">Hidrata\u00e7\u00e3o na medida certa. Nosso squeeze de 850ml \u00e9 perfeito para quem mant\u00e9m uma rotina fitness ou deseja monitorar a hidrata\u00e7\u00e3o com precis\u00e3o. Produzido em pl\u00e1stico livre de BPA, garante mais seguran\u00e7a para sua hidrata\u00e7\u00e3o di\u00e1ria. Conta com marca\u00e7\u00e3o no corpo, facilitando o controle da ingest\u00e3o de \u00e1gua ou outras bebidas para melhorar o desempenho e o bem-estar. Sua tampa rosque\u00e1vel possui al\u00e7a integrada e tampa protetora\u00a0 para o bocal com trava, garantindo mais seguran\u00e7a e praticidade. Resistente e funcional, \u00e9 o aliado ideal para uma rotina leve e equilibrada.<\/span><\/p>\n<\/div>\n<div class=\"desc\">\n<p class=\"desc-tit\">Altura<span class=\"desc-sub\">\u00a0:\u00a0 24,9 cm<\/span><\/p>\n<\/div>\n<div class=\"desc\">\n<p class=\"desc-tit\">Largura<span class=\"desc-sub\">\u00a0:\u00a0 9,4 cm<\/span><\/p>\n<\/div>\n<div class=\"desc\">\n<p class=\"desc-tit\">Circunfer\u00eancia<span class=\"desc-sub\">\u00a0:\u00a0 24,8 cm<\/span><\/p>\n<p>Quantidade minima de 50 unidades.<\/p>\n<\/div>\n","protected":false},"featured_media":12670,"template":"","meta":[],"product_brand":[],"product_cat":[251],"product_tag":[],"class_list":{"0":"post-12669","1":"product","2":"type-product","3":"status-publish","4":"has-post-thumbnail","6":"product_cat-plastica-canecas-copos-garrafas","8":"first","9":"instock","10":"shipping-taxable","11":"product-type-simple"},"_links":{"self":[{"href":"https:\/\/promoalge.com.br\/index.php?rest_route=\/wp\/v2\/product\/12669","targetHints":{"allow":["GET"]}}],"collection":[{"href":"https:\/\/promoalge.com.br\/index.php?rest_route=\/wp\/v2\/product"}],"about":[{"href":"https:\/\/promoalge.com.br\/index.php?rest_route=\/wp\/v2\/types\/product"}],"wp:featuredmedia":[{"embeddable":true,"href":"https:\/\/promoalge.com.br\/index.php?rest_route=\/wp\/v2\/media\/12670"}],"wp:attachment":[{"href":"https:\/\/promoalge.com.br\/index.php?rest_route=%2Fwp%2Fv2%2Fmedia&parent=12669"}],"wp:term":[{"taxonomy":"product_brand","embeddable":true,"href":"https:\/\/promoalge.com.br\/index.php?rest_route=%2Fwp%2Fv2%2Fproduct_brand&post=12669"},{"taxonomy":"product_cat","embeddable":true,"href":"https:\/\/promoalge.com.br\/index.php?rest_route=%2Fwp%2Fv2%2Fproduct_cat&post=12669"},{"taxonomy":"product_tag","embeddable":true,"href":"https:\/\/promoalge.com.br\/index.php?rest_route=%2Fwp%2Fv2%2Fproduct_tag&post=12669"}],"curies":[{"name":"wp","href":"https:\/\/api.w.org\/{rel}","templated":true}]}}