{"id":12684,"date":"2026-04-09T16:20:52","date_gmt":"2026-04-09T19:20:52","guid":{"rendered":"https:\/\/promoalge.com.br\/?post_type=product&#038;p=12684"},"modified":"2026-04-09T16:20:52","modified_gmt":"2026-04-09T19:20:52","slug":"garrafa-termica-350ml-pr-e08057","status":"publish","type":"product","link":"https:\/\/promoalge.com.br\/?product=garrafa-termica-350ml-pr-e08057","title":{"rendered":"Garrafa T\u00e9rmica 350ml &#8211; PR E@08057"},"content":{"rendered":"","protected":false},"excerpt":{"rendered":"<div class=\"desc\">\n<p class=\"desc-tit\">Descri\u00e7\u00e3o:\u00a0<span class=\"desc-sub my-desc-sub\">A garrafa magn\u00e9tica que acompanha seu ritmo sem abrir m\u00e3o do conforto. Com capacidade de 350ml, feita de a\u00e7o inoxid\u00e1vel com parede dupla e al\u00e7a integrada, essa garrafa t\u00e9rmica se destaca pela tampa protetora magn\u00e9tica, que se mant\u00e9m firme no lugar ao ser aberta, oferecendo mais comodidade mesmo em movimento.<\/span><\/p>\n<p>Altura<span class=\"desc-sub\">\u00a0:\u00a0 17,8 cm<\/span><\/p>\n<\/div>\n<div class=\"desc\">\n<p class=\"desc-tit\">Largura<span class=\"desc-sub\">\u00a0:\u00a0 9,6 cm<\/span><\/p>\n<\/div>\n<div class=\"desc\">\n<p class=\"desc-tit\">Circunfer\u00eancia<span class=\"desc-sub\">\u00a0:\u00a0 23 cm<\/span><\/p>\n<p>Quantidade minima de 50 unidades.<\/p>\n<\/div>\n","protected":false},"featured_media":12685,"template":"","meta":[],"product_brand":[],"product_cat":[237],"product_tag":[],"class_list":{"0":"post-12684","1":"product","2":"type-product","3":"status-publish","4":"has-post-thumbnail","6":"product_cat-metalicas","8":"first","9":"instock","10":"shipping-taxable","11":"product-type-simple"},"_links":{"self":[{"href":"https:\/\/promoalge.com.br\/index.php?rest_route=\/wp\/v2\/product\/12684","targetHints":{"allow":["GET"]}}],"collection":[{"href":"https:\/\/promoalge.com.br\/index.php?rest_route=\/wp\/v2\/product"}],"about":[{"href":"https:\/\/promoalge.com.br\/index.php?rest_route=\/wp\/v2\/types\/product"}],"wp:featuredmedia":[{"embeddable":true,"href":"https:\/\/promoalge.com.br\/index.php?rest_route=\/wp\/v2\/media\/12685"}],"wp:attachment":[{"href":"https:\/\/promoalge.com.br\/index.php?rest_route=%2Fwp%2Fv2%2Fmedia&parent=12684"}],"wp:term":[{"taxonomy":"product_brand","embeddable":true,"href":"https:\/\/promoalge.com.br\/index.php?rest_route=%2Fwp%2Fv2%2Fproduct_brand&post=12684"},{"taxonomy":"product_cat","embeddable":true,"href":"https:\/\/promoalge.com.br\/index.php?rest_route=%2Fwp%2Fv2%2Fproduct_cat&post=12684"},{"taxonomy":"product_tag","embeddable":true,"href":"https:\/\/promoalge.com.br\/index.php?rest_route=%2Fwp%2Fv2%2Fproduct_tag&post=12684"}],"curies":[{"name":"wp","href":"https:\/\/api.w.org\/{rel}","templated":true}]}}