{"id":12694,"date":"2026-04-09T16:53:48","date_gmt":"2026-04-09T19:53:48","guid":{"rendered":"https:\/\/promoalge.com.br\/?post_type=product&#038;p=12694"},"modified":"2026-04-09T16:53:48","modified_gmt":"2026-04-09T19:53:48","slug":"garrafa-termica-600ml-pr-e08183","status":"publish","type":"product","link":"https:\/\/promoalge.com.br\/?product=garrafa-termica-600ml-pr-e08183","title":{"rendered":"Garrafa T\u00e9rmica 600ml &#8211; PR E@08183"},"content":{"rendered":"","protected":false},"excerpt":{"rendered":"<div class=\"desc\">\n<p class=\"desc-tit\">Descri\u00e7\u00e3o:\u00a0<span class=\"desc-sub my-desc-sub\">Leve suas bebidas na temperatura ideal para qualquer lugar com a nossa garrafa t\u00e9rmica de inox de 600ml. Compacta, leve e funcional, sua parede dupla mant\u00e9m a bebida quente ou fria por mais tempo. Feita em a\u00e7o inoxid\u00e1vel, possui ainda uma tampa rosque\u00e1vel com al\u00e7a de silicone embutida para facilitar o transporte e um sistema antivazamento com anel de silicone interno, garantindo seguran\u00e7a e praticidade em qualquer situa\u00e7\u00e3o. Dur\u00e1vel e com um design moderno, \u00e9 a garrafa ideal para quem busca efici\u00eancia e qualidade no dia a dia.<\/span><\/p>\n<\/div>\n<div class=\"desc\">\n<p class=\"desc-tit\">Altura<span class=\"desc-sub\">\u00a0:\u00a0 21,3 cm<\/span><\/p>\n<\/div>\n<div class=\"desc\">\n<p class=\"desc-tit\">Largura<span class=\"desc-sub\">\u00a0:\u00a0 7,5 cm<\/span><\/p>\n<\/div>\n<div class=\"desc\">\n<p class=\"desc-tit\">Circunfer\u00eancia<span class=\"desc-sub\">\u00a0:\u00a0 23,6 cm<\/span><\/p>\n<p>Quantidade minima de 50 unidades.<\/p>\n<\/div>\n","protected":false},"featured_media":12695,"template":"","meta":[],"product_brand":[],"product_cat":[237],"product_tag":[],"class_list":{"0":"post-12694","1":"product","2":"type-product","3":"status-publish","4":"has-post-thumbnail","6":"product_cat-metalicas","8":"first","9":"instock","10":"shipping-taxable","11":"product-type-simple"},"_links":{"self":[{"href":"https:\/\/promoalge.com.br\/index.php?rest_route=\/wp\/v2\/product\/12694","targetHints":{"allow":["GET"]}}],"collection":[{"href":"https:\/\/promoalge.com.br\/index.php?rest_route=\/wp\/v2\/product"}],"about":[{"href":"https:\/\/promoalge.com.br\/index.php?rest_route=\/wp\/v2\/types\/product"}],"wp:featuredmedia":[{"embeddable":true,"href":"https:\/\/promoalge.com.br\/index.php?rest_route=\/wp\/v2\/media\/12695"}],"wp:attachment":[{"href":"https:\/\/promoalge.com.br\/index.php?rest_route=%2Fwp%2Fv2%2Fmedia&parent=12694"}],"wp:term":[{"taxonomy":"product_brand","embeddable":true,"href":"https:\/\/promoalge.com.br\/index.php?rest_route=%2Fwp%2Fv2%2Fproduct_brand&post=12694"},{"taxonomy":"product_cat","embeddable":true,"href":"https:\/\/promoalge.com.br\/index.php?rest_route=%2Fwp%2Fv2%2Fproduct_cat&post=12694"},{"taxonomy":"product_tag","embeddable":true,"href":"https:\/\/promoalge.com.br\/index.php?rest_route=%2Fwp%2Fv2%2Fproduct_tag&post=12694"}],"curies":[{"name":"wp","href":"https:\/\/api.w.org\/{rel}","templated":true}]}}