{"id":12696,"date":"2026-04-09T16:55:57","date_gmt":"2026-04-09T19:55:57","guid":{"rendered":"https:\/\/promoalge.com.br\/?post_type=product&#038;p=12696"},"modified":"2026-04-09T16:55:58","modified_gmt":"2026-04-09T19:55:58","slug":"squeeze-termica-550ml-pr-e08213","status":"publish","type":"product","link":"https:\/\/promoalge.com.br\/?product=squeeze-termica-550ml-pr-e08213","title":{"rendered":"Squeeze T\u00e9rmica 550ml &#8211; PR E@08213"},"content":{"rendered":"","protected":false},"excerpt":{"rendered":"<div class=\"desc\">\n<p class=\"desc-tit\">Descri\u00e7\u00e3o:\u00a0<span class=\"desc-sub my-desc-sub\">A squeeze t\u00e9rmica que vai te acompanhar em todos os momentos! Com 550ml de capacidade, ela \u00e9 feita em inox SUS 304, trazendo resist\u00eancia e praticidade para o dia a dia. A tampa rosque\u00e1vel pl\u00e1stica com trava garante aquele toque de seguran\u00e7a, e a al\u00e7a flex\u00edvel facilita o transporte para qualquer lugar. Al\u00e9m disso, conta com um detalhe emborrachado remov\u00edvel, oferecendo uma pegada firme. Leve, pr\u00e1tica e cheia de estilo para uma hidrata\u00e7\u00e3o com muito mais conforto!<\/span><\/p>\n<\/div>\n<div class=\"desc\">\n<p class=\"desc-tit\">Altura<span class=\"desc-sub\">\u00a0:\u00a0 26,5 cm<\/span><\/p>\n<\/div>\n<div class=\"desc\">\n<p class=\"desc-tit\">Largura<span class=\"desc-sub\">\u00a0:\u00a0 8,3 cm<\/span><\/p>\n<\/div>\n<div class=\"desc\">\n<p class=\"desc-tit\">Circunfer\u00eancia<span class=\"desc-sub\">\u00a0:\u00a0 22,7 cm<\/span><\/p>\n<p>Quantidade minima de 50 unidades.<\/p>\n<\/div>\n","protected":false},"featured_media":12697,"template":"","meta":[],"product_brand":[],"product_cat":[237],"product_tag":[],"class_list":{"0":"post-12696","1":"product","2":"type-product","3":"status-publish","4":"has-post-thumbnail","6":"product_cat-metalicas","8":"first","9":"instock","10":"shipping-taxable","11":"product-type-simple"},"_links":{"self":[{"href":"https:\/\/promoalge.com.br\/index.php?rest_route=\/wp\/v2\/product\/12696","targetHints":{"allow":["GET"]}}],"collection":[{"href":"https:\/\/promoalge.com.br\/index.php?rest_route=\/wp\/v2\/product"}],"about":[{"href":"https:\/\/promoalge.com.br\/index.php?rest_route=\/wp\/v2\/types\/product"}],"wp:featuredmedia":[{"embeddable":true,"href":"https:\/\/promoalge.com.br\/index.php?rest_route=\/wp\/v2\/media\/12697"}],"wp:attachment":[{"href":"https:\/\/promoalge.com.br\/index.php?rest_route=%2Fwp%2Fv2%2Fmedia&parent=12696"}],"wp:term":[{"taxonomy":"product_brand","embeddable":true,"href":"https:\/\/promoalge.com.br\/index.php?rest_route=%2Fwp%2Fv2%2Fproduct_brand&post=12696"},{"taxonomy":"product_cat","embeddable":true,"href":"https:\/\/promoalge.com.br\/index.php?rest_route=%2Fwp%2Fv2%2Fproduct_cat&post=12696"},{"taxonomy":"product_tag","embeddable":true,"href":"https:\/\/promoalge.com.br\/index.php?rest_route=%2Fwp%2Fv2%2Fproduct_tag&post=12696"}],"curies":[{"name":"wp","href":"https:\/\/api.w.org\/{rel}","templated":true}]}}