{"id":12730,"date":"2026-04-16T13:52:57","date_gmt":"2026-04-16T16:52:57","guid":{"rendered":"https:\/\/promoalge.com.br\/?post_type=product&#038;p=12730"},"modified":"2026-04-16T13:52:57","modified_gmt":"2026-04-16T16:52:57","slug":"kit-3-garrafas-pr-p03036","status":"publish","type":"product","link":"https:\/\/promoalge.com.br\/?product=kit-3-garrafas-pr-p03036","title":{"rendered":"Kit 3 Garrafas &#8211; PR P@03036"},"content":{"rendered":"","protected":false},"excerpt":{"rendered":"<div class=\"desc\">\n<p class=\"desc-tit\">Descri\u00e7\u00e3o:\u00a0<span class=\"desc-sub my-desc-sub\">Kit com 3 garrafas pl\u00e1sticas, sendo um squeeze gal\u00e3o com capacidade de 2 litros, squeeze 750ml e garrafa 300ml. Squeeze 2L com al\u00e7a para transporte e suporte para celular, bot\u00e3o de acionamento e tampa de prote\u00e7\u00e3o para o bocal; squeeze 750ml com bot\u00e3o de acionamento, trava de seguran\u00e7a e tampa protetora para o bico de silicone; garrafa 300ml com tampa de alum\u00ednio e al\u00e7a de nylon para transporte. Acompanham dois canudos e acess\u00f3rios de extens\u00e3o de canudo.<\/span><\/p>\n<\/div>\n<div class=\"desc\">\n<p class=\"desc-tit\">Altura<span class=\"desc-sub\">\u00a0:\u00a0 29,7 cm<\/span><\/p>\n<\/div>\n<div class=\"desc\">\n<p class=\"desc-tit\">Largura<span class=\"desc-sub\">\u00a0:\u00a0 13,4 cm<\/span><\/p>\n<\/div>\n<div class=\"desc\">\n<p class=\"desc-tit\">Circunfer\u00eancia<span class=\"desc-sub\">\u00a0:\u00a0 35 cm<\/span><\/p>\n<p>Quantidade minima de 50 unidades.<\/p>\n<\/div>\n","protected":false},"featured_media":12731,"template":"","meta":[],"product_brand":[],"product_cat":[251],"product_tag":[],"class_list":{"0":"post-12730","1":"product","2":"type-product","3":"status-publish","4":"has-post-thumbnail","6":"product_cat-plastica-canecas-copos-garrafas","8":"first","9":"instock","10":"shipping-taxable","11":"product-type-simple"},"_links":{"self":[{"href":"https:\/\/promoalge.com.br\/index.php?rest_route=\/wp\/v2\/product\/12730","targetHints":{"allow":["GET"]}}],"collection":[{"href":"https:\/\/promoalge.com.br\/index.php?rest_route=\/wp\/v2\/product"}],"about":[{"href":"https:\/\/promoalge.com.br\/index.php?rest_route=\/wp\/v2\/types\/product"}],"wp:featuredmedia":[{"embeddable":true,"href":"https:\/\/promoalge.com.br\/index.php?rest_route=\/wp\/v2\/media\/12731"}],"wp:attachment":[{"href":"https:\/\/promoalge.com.br\/index.php?rest_route=%2Fwp%2Fv2%2Fmedia&parent=12730"}],"wp:term":[{"taxonomy":"product_brand","embeddable":true,"href":"https:\/\/promoalge.com.br\/index.php?rest_route=%2Fwp%2Fv2%2Fproduct_brand&post=12730"},{"taxonomy":"product_cat","embeddable":true,"href":"https:\/\/promoalge.com.br\/index.php?rest_route=%2Fwp%2Fv2%2Fproduct_cat&post=12730"},{"taxonomy":"product_tag","embeddable":true,"href":"https:\/\/promoalge.com.br\/index.php?rest_route=%2Fwp%2Fv2%2Fproduct_tag&post=12730"}],"curies":[{"name":"wp","href":"https:\/\/api.w.org\/{rel}","templated":true}]}}