{"id":1278,"date":"2018-08-20T18:17:55","date_gmt":"2018-08-20T21:17:55","guid":{"rendered":"http:\/\/promoalge.com.br\/?post_type=product&#038;p=1278"},"modified":"2021-05-04T16:00:06","modified_gmt":"2021-05-04T19:00:06","slug":"chaveiro-lanterna-pr93141","status":"publish","type":"product","link":"https:\/\/promoalge.com.br\/?product=chaveiro-lanterna-pr93141","title":{"rendered":"Chaveiro Lanterna &#8211; PR93141"},"content":{"rendered":"","protected":false},"excerpt":{"rendered":"<p>Chaveiro em alum\u00ednio com 3 LEDs e argola, incluso 4 pilhas LR44, medidas \u00f8 17 x 62 mm. Grava\u00e7\u00e3o a laser.<\/p>\n<ul>\n<li>M\u00ednino 100 pe\u00e7as.<\/li>\n<\/ul>\n","protected":false},"featured_media":6717,"template":"","meta":[],"product_brand":[],"product_cat":[406,411],"product_tag":[],"class_list":{"0":"post-1278","1":"product","2":"type-product","3":"status-publish","4":"has-post-thumbnail","6":"product_cat-chaveiros","7":"product_cat-ferramentas","9":"first","10":"instock","11":"shipping-taxable","12":"product-type-simple"},"_links":{"self":[{"href":"https:\/\/promoalge.com.br\/index.php?rest_route=\/wp\/v2\/product\/1278","targetHints":{"allow":["GET"]}}],"collection":[{"href":"https:\/\/promoalge.com.br\/index.php?rest_route=\/wp\/v2\/product"}],"about":[{"href":"https:\/\/promoalge.com.br\/index.php?rest_route=\/wp\/v2\/types\/product"}],"wp:featuredmedia":[{"embeddable":true,"href":"https:\/\/promoalge.com.br\/index.php?rest_route=\/wp\/v2\/media\/6717"}],"wp:attachment":[{"href":"https:\/\/promoalge.com.br\/index.php?rest_route=%2Fwp%2Fv2%2Fmedia&parent=1278"}],"wp:term":[{"taxonomy":"product_brand","embeddable":true,"href":"https:\/\/promoalge.com.br\/index.php?rest_route=%2Fwp%2Fv2%2Fproduct_brand&post=1278"},{"taxonomy":"product_cat","embeddable":true,"href":"https:\/\/promoalge.com.br\/index.php?rest_route=%2Fwp%2Fv2%2Fproduct_cat&post=1278"},{"taxonomy":"product_tag","embeddable":true,"href":"https:\/\/promoalge.com.br\/index.php?rest_route=%2Fwp%2Fv2%2Fproduct_tag&post=1278"}],"curies":[{"name":"wp","href":"https:\/\/api.w.org\/{rel}","templated":true}]}}