{"id":1284,"date":"2018-08-20T18:24:54","date_gmt":"2018-08-20T21:24:54","guid":{"rendered":"http:\/\/promoalge.com.br\/?post_type=product&#038;p=1284"},"modified":"2018-08-21T14:02:03","modified_gmt":"2018-08-21T17:02:03","slug":"chaveiro-abridor-lanterna-pr93140","status":"publish","type":"product","link":"https:\/\/promoalge.com.br\/?product=chaveiro-abridor-lanterna-pr93140","title":{"rendered":"Chaveiro Abridor de Garrafa &#038; Lanterna &#8211; PR93140"},"content":{"rendered":"","protected":false},"excerpt":{"rendered":"<p>Chaveiro pl\u00e1stico \/ met\u00e1lico com LED e abridor de garrafas, incluso 2 pilhas LR41, medidas 34 x 68 x 11 mm. Grava\u00e7\u00e3o serigrafia ou laser.<\/p>\n","protected":false},"featured_media":1288,"template":"","meta":[],"product_brand":[],"product_cat":[406],"product_tag":[],"class_list":{"0":"post-1284","1":"product","2":"type-product","3":"status-publish","4":"has-post-thumbnail","6":"product_cat-chaveiros","8":"first","9":"instock","10":"shipping-taxable","11":"product-type-simple"},"_links":{"self":[{"href":"https:\/\/promoalge.com.br\/index.php?rest_route=\/wp\/v2\/product\/1284","targetHints":{"allow":["GET"]}}],"collection":[{"href":"https:\/\/promoalge.com.br\/index.php?rest_route=\/wp\/v2\/product"}],"about":[{"href":"https:\/\/promoalge.com.br\/index.php?rest_route=\/wp\/v2\/types\/product"}],"wp:featuredmedia":[{"embeddable":true,"href":"https:\/\/promoalge.com.br\/index.php?rest_route=\/wp\/v2\/media\/1288"}],"wp:attachment":[{"href":"https:\/\/promoalge.com.br\/index.php?rest_route=%2Fwp%2Fv2%2Fmedia&parent=1284"}],"wp:term":[{"taxonomy":"product_brand","embeddable":true,"href":"https:\/\/promoalge.com.br\/index.php?rest_route=%2Fwp%2Fv2%2Fproduct_brand&post=1284"},{"taxonomy":"product_cat","embeddable":true,"href":"https:\/\/promoalge.com.br\/index.php?rest_route=%2Fwp%2Fv2%2Fproduct_cat&post=1284"},{"taxonomy":"product_tag","embeddable":true,"href":"https:\/\/promoalge.com.br\/index.php?rest_route=%2Fwp%2Fv2%2Fproduct_tag&post=1284"}],"curies":[{"name":"wp","href":"https:\/\/api.w.org\/{rel}","templated":true}]}}