{"id":129,"date":"2018-06-14T17:05:02","date_gmt":"2018-06-14T20:05:02","guid":{"rendered":"http:\/\/promoalge.com.br\/?product=import-placeholder-for-3696"},"modified":"2018-10-18T15:03:14","modified_gmt":"2018-10-18T18:03:14","slug":"caneta-plastica-pr708","status":"publish","type":"product","link":"https:\/\/promoalge.com.br\/?product=caneta-plastica-pr708","title":{"rendered":"Caneta Pl\u00e1stica com Touch &#8211; PR708"},"content":{"rendered":"<p>&nbsp;<\/p>\n<div id='gallery-1' class='gallery galleryid-129 gallery-columns-3 gallery-size-thumbnail'><figure class='gallery-item'>\n\t\t\t<div class='gallery-icon landscape'>\n\t\t\t\t<a href='https:\/\/promoalge.com.br\/?attachment_id=3671'><img loading=\"lazy\" decoding=\"async\" width=\"150\" height=\"150\" src=\"https:\/\/promoalge.com.br\/wp-content\/uploads\/2019\/06\/PR91844-150x150.jpg\" class=\"attachment-thumbnail size-thumbnail\" alt=\"\" srcset=\"https:\/\/promoalge.com.br\/wp-content\/uploads\/2019\/06\/PR91844-150x150.jpg 150w, https:\/\/promoalge.com.br\/wp-content\/uploads\/2019\/06\/PR91844-300x300.jpg 300w, https:\/\/promoalge.com.br\/wp-content\/uploads\/2019\/06\/PR91844.jpg 600w, https:\/\/promoalge.com.br\/wp-content\/uploads\/2019\/06\/PR91844-100x100.jpg 100w\" sizes=\"auto, (max-width: 150px) 100vw, 150px\" \/><\/a>\n\t\t\t<\/div><\/figure>\n\t\t<\/div>\n\n<p>Caneta esferogr\u00e1fica com corpo plastico. Grava\u00e7\u00e3o serigrafia.<\/p>\n","protected":false},"excerpt":{"rendered":"<p>Caneta pl\u00e1stica touch com suporte para celular, caneta inteira colorida com detalhes preto. Clip pl\u00e1stico aberto utilizado como suporte para o celular e parte superior com limpador de tela, possui anel preto abaixo do clip e parte inferior com detalhes em relevo. Aciona por giro. Grava\u00e7\u00e3o serigrafia.<\/p>\n","protected":false},"featured_media":1642,"template":"","meta":[],"product_brand":[],"product_cat":[18],"product_tag":[],"class_list":{"0":"post-129","1":"product","2":"type-product","3":"status-publish","4":"has-post-thumbnail","6":"product_cat-canetas-plastica","8":"first","9":"instock","10":"shipping-taxable","11":"product-type-simple"},"_links":{"self":[{"href":"https:\/\/promoalge.com.br\/index.php?rest_route=\/wp\/v2\/product\/129","targetHints":{"allow":["GET"]}}],"collection":[{"href":"https:\/\/promoalge.com.br\/index.php?rest_route=\/wp\/v2\/product"}],"about":[{"href":"https:\/\/promoalge.com.br\/index.php?rest_route=\/wp\/v2\/types\/product"}],"wp:featuredmedia":[{"embeddable":true,"href":"https:\/\/promoalge.com.br\/index.php?rest_route=\/wp\/v2\/media\/1642"}],"wp:attachment":[{"href":"https:\/\/promoalge.com.br\/index.php?rest_route=%2Fwp%2Fv2%2Fmedia&parent=129"}],"wp:term":[{"taxonomy":"product_brand","embeddable":true,"href":"https:\/\/promoalge.com.br\/index.php?rest_route=%2Fwp%2Fv2%2Fproduct_brand&post=129"},{"taxonomy":"product_cat","embeddable":true,"href":"https:\/\/promoalge.com.br\/index.php?rest_route=%2Fwp%2Fv2%2Fproduct_cat&post=129"},{"taxonomy":"product_tag","embeddable":true,"href":"https:\/\/promoalge.com.br\/index.php?rest_route=%2Fwp%2Fv2%2Fproduct_tag&post=129"}],"curies":[{"name":"wp","href":"https:\/\/api.w.org\/{rel}","templated":true}]}}