{"id":1307,"date":"2018-08-21T13:23:31","date_gmt":"2018-08-21T16:23:31","guid":{"rendered":"http:\/\/promoalge.com.br\/?post_type=product&#038;p=1307"},"modified":"2018-08-21T13:23:32","modified_gmt":"2018-08-21T16:23:32","slug":"chaveiro-lanterna-pr94006","status":"publish","type":"product","link":"https:\/\/promoalge.com.br\/?product=chaveiro-lanterna-pr94006","title":{"rendered":"Chaveiro Lanterna &#8211; PR94006"},"content":{"rendered":"","protected":false},"excerpt":{"rendered":"<p>Chaveiro pl\u00e1stico com LED e kit ferramentas, incluso 4 pilhas LR41, medidas 62 x 30 x 12 mm. Grava\u00e7\u00e3o serigrafia em 1 cor.<\/p>\n","protected":false},"featured_media":1309,"template":"","meta":[],"product_brand":[],"product_cat":[406,411],"product_tag":[],"class_list":{"0":"post-1307","1":"product","2":"type-product","3":"status-publish","4":"has-post-thumbnail","6":"product_cat-chaveiros","7":"product_cat-ferramentas","9":"first","10":"instock","11":"shipping-taxable","12":"product-type-simple"},"_links":{"self":[{"href":"https:\/\/promoalge.com.br\/index.php?rest_route=\/wp\/v2\/product\/1307","targetHints":{"allow":["GET"]}}],"collection":[{"href":"https:\/\/promoalge.com.br\/index.php?rest_route=\/wp\/v2\/product"}],"about":[{"href":"https:\/\/promoalge.com.br\/index.php?rest_route=\/wp\/v2\/types\/product"}],"wp:featuredmedia":[{"embeddable":true,"href":"https:\/\/promoalge.com.br\/index.php?rest_route=\/wp\/v2\/media\/1309"}],"wp:attachment":[{"href":"https:\/\/promoalge.com.br\/index.php?rest_route=%2Fwp%2Fv2%2Fmedia&parent=1307"}],"wp:term":[{"taxonomy":"product_brand","embeddable":true,"href":"https:\/\/promoalge.com.br\/index.php?rest_route=%2Fwp%2Fv2%2Fproduct_brand&post=1307"},{"taxonomy":"product_cat","embeddable":true,"href":"https:\/\/promoalge.com.br\/index.php?rest_route=%2Fwp%2Fv2%2Fproduct_cat&post=1307"},{"taxonomy":"product_tag","embeddable":true,"href":"https:\/\/promoalge.com.br\/index.php?rest_route=%2Fwp%2Fv2%2Fproduct_tag&post=1307"}],"curies":[{"name":"wp","href":"https:\/\/api.w.org\/{rel}","templated":true}]}}