{"id":1355,"date":"2018-09-12T14:55:12","date_gmt":"2018-09-12T17:55:12","guid":{"rendered":"http:\/\/promoalge.com.br\/?post_type=product&#038;p=1355"},"modified":"2021-07-01T16:59:02","modified_gmt":"2021-07-01T19:59:02","slug":"necessaire-pr92717","status":"publish","type":"product","link":"https:\/\/promoalge.com.br\/?product=necessaire-pr92717","title":{"rendered":"Necessaire &#8211; PR92717"},"content":{"rendered":"","protected":false},"excerpt":{"rendered":"<p>Necessaire produzida em microfibra e detalhe com tela, fechamento com z\u00edper, e acabamento com vivo encapado, medidas 210 x 130 x 85 mm. Grava\u00e7\u00e3o serigrafia em 1 cor.<\/p>\n<ul>\n<li>M\u00ednimo 50 pe\u00e7as<\/li>\n<\/ul>\n","protected":false},"featured_media":1360,"template":"","meta":[],"product_brand":[],"product_cat":[416],"product_tag":[],"class_list":{"0":"post-1355","1":"product","2":"type-product","3":"status-publish","4":"has-post-thumbnail","6":"product_cat-necessaire","8":"first","9":"instock","10":"shipping-taxable","11":"product-type-simple"},"_links":{"self":[{"href":"https:\/\/promoalge.com.br\/index.php?rest_route=\/wp\/v2\/product\/1355","targetHints":{"allow":["GET"]}}],"collection":[{"href":"https:\/\/promoalge.com.br\/index.php?rest_route=\/wp\/v2\/product"}],"about":[{"href":"https:\/\/promoalge.com.br\/index.php?rest_route=\/wp\/v2\/types\/product"}],"wp:featuredmedia":[{"embeddable":true,"href":"https:\/\/promoalge.com.br\/index.php?rest_route=\/wp\/v2\/media\/1360"}],"wp:attachment":[{"href":"https:\/\/promoalge.com.br\/index.php?rest_route=%2Fwp%2Fv2%2Fmedia&parent=1355"}],"wp:term":[{"taxonomy":"product_brand","embeddable":true,"href":"https:\/\/promoalge.com.br\/index.php?rest_route=%2Fwp%2Fv2%2Fproduct_brand&post=1355"},{"taxonomy":"product_cat","embeddable":true,"href":"https:\/\/promoalge.com.br\/index.php?rest_route=%2Fwp%2Fv2%2Fproduct_cat&post=1355"},{"taxonomy":"product_tag","embeddable":true,"href":"https:\/\/promoalge.com.br\/index.php?rest_route=%2Fwp%2Fv2%2Fproduct_tag&post=1355"}],"curies":[{"name":"wp","href":"https:\/\/api.w.org\/{rel}","templated":true}]}}