{"id":1363,"date":"2018-09-12T15:07:06","date_gmt":"2018-09-12T18:07:06","guid":{"rendered":"http:\/\/promoalge.com.br\/?post_type=product&#038;p=1363"},"modified":"2020-06-19T12:59:56","modified_gmt":"2020-06-19T15:59:56","slug":"necessaire-prnca251010","status":"publish","type":"product","link":"https:\/\/promoalge.com.br\/?product=necessaire-prnca251010","title":{"rendered":"Necessaire  &#8211; PRNCA251010"},"content":{"rendered":"","protected":false},"excerpt":{"rendered":"<p>Necessaire em PVC allklear transparente ou colorido, fechamento com z\u00edper e acabamento com solda eletr\u00f4nica. Grava\u00e7\u00e3o serigrafia ou relevo.<\/p>\n","protected":false},"featured_media":3362,"template":"","meta":[],"product_brand":[],"product_cat":[416],"product_tag":[],"class_list":{"0":"post-1363","1":"product","2":"type-product","3":"status-publish","4":"has-post-thumbnail","6":"product_cat-necessaire","8":"first","9":"instock","10":"shipping-taxable","11":"product-type-simple"},"_links":{"self":[{"href":"https:\/\/promoalge.com.br\/index.php?rest_route=\/wp\/v2\/product\/1363","targetHints":{"allow":["GET"]}}],"collection":[{"href":"https:\/\/promoalge.com.br\/index.php?rest_route=\/wp\/v2\/product"}],"about":[{"href":"https:\/\/promoalge.com.br\/index.php?rest_route=\/wp\/v2\/types\/product"}],"wp:featuredmedia":[{"embeddable":true,"href":"https:\/\/promoalge.com.br\/index.php?rest_route=\/wp\/v2\/media\/3362"}],"wp:attachment":[{"href":"https:\/\/promoalge.com.br\/index.php?rest_route=%2Fwp%2Fv2%2Fmedia&parent=1363"}],"wp:term":[{"taxonomy":"product_brand","embeddable":true,"href":"https:\/\/promoalge.com.br\/index.php?rest_route=%2Fwp%2Fv2%2Fproduct_brand&post=1363"},{"taxonomy":"product_cat","embeddable":true,"href":"https:\/\/promoalge.com.br\/index.php?rest_route=%2Fwp%2Fv2%2Fproduct_cat&post=1363"},{"taxonomy":"product_tag","embeddable":true,"href":"https:\/\/promoalge.com.br\/index.php?rest_route=%2Fwp%2Fv2%2Fproduct_tag&post=1363"}],"curies":[{"name":"wp","href":"https:\/\/api.w.org\/{rel}","templated":true}]}}