{"id":1375,"date":"2018-09-19T18:55:26","date_gmt":"2018-09-19T21:55:26","guid":{"rendered":"http:\/\/promoalge.com.br\/?post_type=product&#038;p=1375"},"modified":"2018-09-19T18:55:26","modified_gmt":"2018-09-19T21:55:26","slug":"relogio-de-mesa-pr3045","status":"publish","type":"product","link":"https:\/\/promoalge.com.br\/?product=relogio-de-mesa-pr3045","title":{"rendered":"Rel\u00f3gio de Mesa &#8211; PR3045"},"content":{"rendered":"","protected":false},"excerpt":{"rendered":"<p>Rel\u00f3gio pl\u00e1stico digital com visor lcd. Ao apertar duas vezes o bot\u00e3o MODE ir\u00e1 configurar o m\u00eas (aperte SET para alterar e ap\u00f3s MODE para continuar configurando), pressionando novamente ir\u00e1 alterar o ano, na sequ\u00eancia ir\u00e1 alterar a hora(AM\/PM) e minutos. Ao apertar SET duas vezes seguida mostrar\u00e1 os segundos. Acompanha uma bateria AG13, medidas 10,6 cm x 3,2 cm. Grava\u00e7\u00e3o a laser.<\/p>\n","protected":false},"featured_media":1377,"template":"","meta":[],"product_brand":[],"product_cat":[353,409],"product_tag":[],"class_list":{"0":"post-1375","1":"product","2":"type-product","3":"status-publish","4":"has-post-thumbnail","6":"product_cat-diversos","7":"product_cat-escritorio","9":"first","10":"instock","11":"shipping-taxable","12":"product-type-simple"},"_links":{"self":[{"href":"https:\/\/promoalge.com.br\/index.php?rest_route=\/wp\/v2\/product\/1375","targetHints":{"allow":["GET"]}}],"collection":[{"href":"https:\/\/promoalge.com.br\/index.php?rest_route=\/wp\/v2\/product"}],"about":[{"href":"https:\/\/promoalge.com.br\/index.php?rest_route=\/wp\/v2\/types\/product"}],"wp:featuredmedia":[{"embeddable":true,"href":"https:\/\/promoalge.com.br\/index.php?rest_route=\/wp\/v2\/media\/1377"}],"wp:attachment":[{"href":"https:\/\/promoalge.com.br\/index.php?rest_route=%2Fwp%2Fv2%2Fmedia&parent=1375"}],"wp:term":[{"taxonomy":"product_brand","embeddable":true,"href":"https:\/\/promoalge.com.br\/index.php?rest_route=%2Fwp%2Fv2%2Fproduct_brand&post=1375"},{"taxonomy":"product_cat","embeddable":true,"href":"https:\/\/promoalge.com.br\/index.php?rest_route=%2Fwp%2Fv2%2Fproduct_cat&post=1375"},{"taxonomy":"product_tag","embeddable":true,"href":"https:\/\/promoalge.com.br\/index.php?rest_route=%2Fwp%2Fv2%2Fproduct_tag&post=1375"}],"curies":[{"name":"wp","href":"https:\/\/api.w.org\/{rel}","templated":true}]}}