{"id":1380,"date":"2018-09-20T11:27:21","date_gmt":"2018-09-20T14:27:21","guid":{"rendered":"http:\/\/promoalge.com.br\/?post_type=product&#038;p=1380"},"modified":"2018-09-20T11:32:49","modified_gmt":"2018-09-20T14:32:49","slug":"relogio-digital-pr7309","status":"publish","type":"product","link":"https:\/\/promoalge.com.br\/?product=relogio-digital-pr7309","title":{"rendered":"Rel\u00f3gio Digital &#8211; PR7309"},"content":{"rendered":"","protected":false},"excerpt":{"rendered":"<p>Rel\u00f3gio digital prendedor em pl\u00e1stico resistente, cor prata com detalhe branco. Pressione MODE e a data ser\u00e1 exibida, pression\u00e1-lo duas vezes ir\u00e1 mostrar os segundos e ao pressionar mais uma vez voltarpa ao rel\u00f3gio normal. Apertar SET duas vezes ir\u00e1 ajustar a tela, pressione MODE para ajustar o m\u00eas, pressione SET para mudar o ajuste para o dia, MODE para ajustar o dia, SET para mudar o ajuste para as horas, MODE para ajustar as horas, pressione SET para ajuste dos minutos, MODE para ajustar os minutos, pressione SET mais uma vez para confirmar os ajustar e depois MODE para iniciar o rel\u00f3gio. Acompanha uma bateria L1131, medidas 8,6 cm x 5,5 cm. Grava\u00e7\u00e3o serigrafia em 1 cor ou laser.<\/p>\n","protected":false},"featured_media":1384,"template":"","meta":[],"product_brand":[],"product_cat":[353,409],"product_tag":[],"class_list":{"0":"post-1380","1":"product","2":"type-product","3":"status-publish","4":"has-post-thumbnail","6":"product_cat-diversos","7":"product_cat-escritorio","9":"first","10":"instock","11":"shipping-taxable","12":"product-type-simple"},"_links":{"self":[{"href":"https:\/\/promoalge.com.br\/index.php?rest_route=\/wp\/v2\/product\/1380","targetHints":{"allow":["GET"]}}],"collection":[{"href":"https:\/\/promoalge.com.br\/index.php?rest_route=\/wp\/v2\/product"}],"about":[{"href":"https:\/\/promoalge.com.br\/index.php?rest_route=\/wp\/v2\/types\/product"}],"wp:featuredmedia":[{"embeddable":true,"href":"https:\/\/promoalge.com.br\/index.php?rest_route=\/wp\/v2\/media\/1384"}],"wp:attachment":[{"href":"https:\/\/promoalge.com.br\/index.php?rest_route=%2Fwp%2Fv2%2Fmedia&parent=1380"}],"wp:term":[{"taxonomy":"product_brand","embeddable":true,"href":"https:\/\/promoalge.com.br\/index.php?rest_route=%2Fwp%2Fv2%2Fproduct_brand&post=1380"},{"taxonomy":"product_cat","embeddable":true,"href":"https:\/\/promoalge.com.br\/index.php?rest_route=%2Fwp%2Fv2%2Fproduct_cat&post=1380"},{"taxonomy":"product_tag","embeddable":true,"href":"https:\/\/promoalge.com.br\/index.php?rest_route=%2Fwp%2Fv2%2Fproduct_tag&post=1380"}],"curies":[{"name":"wp","href":"https:\/\/api.w.org\/{rel}","templated":true}]}}