{"id":1392,"date":"2018-09-21T15:00:26","date_gmt":"2018-09-21T18:00:26","guid":{"rendered":"http:\/\/promoalge.com.br\/?post_type=product&#038;p=1392"},"modified":"2018-09-21T15:00:27","modified_gmt":"2018-09-21T18:00:27","slug":"balde-de-gelo-55-litros-bgelo55","status":"publish","type":"product","link":"https:\/\/promoalge.com.br\/?product=balde-de-gelo-55-litros-bgelo55","title":{"rendered":"Balde de Gelo 5,5 Litros &#8211; BGELO55"},"content":{"rendered":"","protected":false},"excerpt":{"rendered":"<p>Balde de gelo de acr\u00edlico com al\u00e7a dupla, capacidade 5,5 litros. Grava\u00e7\u00e3o serigrafia ou transfer.<\/p>\n","protected":false},"featured_media":1393,"template":"","meta":[],"product_brand":[],"product_cat":[353,414],"product_tag":[],"class_list":{"0":"post-1392","1":"product","2":"type-product","3":"status-publish","4":"has-post-thumbnail","6":"product_cat-diversos","7":"product_cat-praia-verao","9":"first","10":"instock","11":"shipping-taxable","12":"product-type-simple"},"_links":{"self":[{"href":"https:\/\/promoalge.com.br\/index.php?rest_route=\/wp\/v2\/product\/1392","targetHints":{"allow":["GET"]}}],"collection":[{"href":"https:\/\/promoalge.com.br\/index.php?rest_route=\/wp\/v2\/product"}],"about":[{"href":"https:\/\/promoalge.com.br\/index.php?rest_route=\/wp\/v2\/types\/product"}],"wp:featuredmedia":[{"embeddable":true,"href":"https:\/\/promoalge.com.br\/index.php?rest_route=\/wp\/v2\/media\/1393"}],"wp:attachment":[{"href":"https:\/\/promoalge.com.br\/index.php?rest_route=%2Fwp%2Fv2%2Fmedia&parent=1392"}],"wp:term":[{"taxonomy":"product_brand","embeddable":true,"href":"https:\/\/promoalge.com.br\/index.php?rest_route=%2Fwp%2Fv2%2Fproduct_brand&post=1392"},{"taxonomy":"product_cat","embeddable":true,"href":"https:\/\/promoalge.com.br\/index.php?rest_route=%2Fwp%2Fv2%2Fproduct_cat&post=1392"},{"taxonomy":"product_tag","embeddable":true,"href":"https:\/\/promoalge.com.br\/index.php?rest_route=%2Fwp%2Fv2%2Fproduct_tag&post=1392"}],"curies":[{"name":"wp","href":"https:\/\/api.w.org\/{rel}","templated":true}]}}