{"id":1416,"date":"2018-09-21T15:14:35","date_gmt":"2018-09-21T18:14:35","guid":{"rendered":"http:\/\/promoalge.com.br\/?post_type=product&#038;p=1416"},"modified":"2020-06-19T13:02:06","modified_gmt":"2020-06-19T16:02:06","slug":"balde-inflavel-mpi2420","status":"publish","type":"product","link":"https:\/\/promoalge.com.br\/?product=balde-inflavel-mpi2420","title":{"rendered":"Balde Infl\u00e1vel &#8211; MPI2420"},"content":{"rendered":"","protected":false},"excerpt":{"rendered":"<p>Balde Infl\u00e1vel em PVC Pneum\u00e1tico 020 Colorido (dispon\u00edvel em cores b\u00e1sicas), V\u00e1lvula de PVC 24 cm di\u00e2metro x 20 cm altura. Grava\u00e7\u00e3o serigrafia.<\/p>\n","protected":false},"featured_media":1419,"template":"","meta":[],"product_brand":[],"product_cat":[353,414],"product_tag":[],"class_list":{"0":"post-1416","1":"product","2":"type-product","3":"status-publish","4":"has-post-thumbnail","6":"product_cat-diversos","7":"product_cat-praia-verao","9":"first","10":"instock","11":"shipping-taxable","12":"product-type-simple"},"_links":{"self":[{"href":"https:\/\/promoalge.com.br\/index.php?rest_route=\/wp\/v2\/product\/1416","targetHints":{"allow":["GET"]}}],"collection":[{"href":"https:\/\/promoalge.com.br\/index.php?rest_route=\/wp\/v2\/product"}],"about":[{"href":"https:\/\/promoalge.com.br\/index.php?rest_route=\/wp\/v2\/types\/product"}],"wp:featuredmedia":[{"embeddable":true,"href":"https:\/\/promoalge.com.br\/index.php?rest_route=\/wp\/v2\/media\/1419"}],"wp:attachment":[{"href":"https:\/\/promoalge.com.br\/index.php?rest_route=%2Fwp%2Fv2%2Fmedia&parent=1416"}],"wp:term":[{"taxonomy":"product_brand","embeddable":true,"href":"https:\/\/promoalge.com.br\/index.php?rest_route=%2Fwp%2Fv2%2Fproduct_brand&post=1416"},{"taxonomy":"product_cat","embeddable":true,"href":"https:\/\/promoalge.com.br\/index.php?rest_route=%2Fwp%2Fv2%2Fproduct_cat&post=1416"},{"taxonomy":"product_tag","embeddable":true,"href":"https:\/\/promoalge.com.br\/index.php?rest_route=%2Fwp%2Fv2%2Fproduct_tag&post=1416"}],"curies":[{"name":"wp","href":"https:\/\/api.w.org\/{rel}","templated":true}]}}