{"id":1430,"date":"2018-10-05T10:38:03","date_gmt":"2018-10-05T13:38:03","guid":{"rendered":"http:\/\/promoalge.com.br\/?post_type=product&#038;p=1430"},"modified":"2018-10-05T10:38:03","modified_gmt":"2018-10-05T13:38:03","slug":"porta-documento-pr12385","status":"publish","type":"product","link":"https:\/\/promoalge.com.br\/?product=porta-documento-pr12385","title":{"rendered":"Porta Documento &#8211; PR12385"},"content":{"rendered":"","protected":false},"excerpt":{"rendered":"<p>Porta documento em couro sint\u00e9tico com cantoneira dourada ou prata, possui 4 divis\u00f3rias pl\u00e1sticas grande e duas divis\u00f3rias pequenas. Tamanho total aproximado (CxD): 12,2 cm x 17,7 cm. Grava\u00e7\u00e3o baixo relevo.<\/p>\n","protected":false},"featured_media":1439,"template":"","meta":[],"product_brand":[],"product_cat":[408,353],"product_tag":[],"class_list":{"0":"post-1430","1":"product","2":"type-product","3":"status-publish","4":"has-post-thumbnail","6":"product_cat-couro","7":"product_cat-diversos","9":"first","10":"instock","11":"shipping-taxable","12":"product-type-simple"},"_links":{"self":[{"href":"https:\/\/promoalge.com.br\/index.php?rest_route=\/wp\/v2\/product\/1430","targetHints":{"allow":["GET"]}}],"collection":[{"href":"https:\/\/promoalge.com.br\/index.php?rest_route=\/wp\/v2\/product"}],"about":[{"href":"https:\/\/promoalge.com.br\/index.php?rest_route=\/wp\/v2\/types\/product"}],"wp:featuredmedia":[{"embeddable":true,"href":"https:\/\/promoalge.com.br\/index.php?rest_route=\/wp\/v2\/media\/1439"}],"wp:attachment":[{"href":"https:\/\/promoalge.com.br\/index.php?rest_route=%2Fwp%2Fv2%2Fmedia&parent=1430"}],"wp:term":[{"taxonomy":"product_brand","embeddable":true,"href":"https:\/\/promoalge.com.br\/index.php?rest_route=%2Fwp%2Fv2%2Fproduct_brand&post=1430"},{"taxonomy":"product_cat","embeddable":true,"href":"https:\/\/promoalge.com.br\/index.php?rest_route=%2Fwp%2Fv2%2Fproduct_cat&post=1430"},{"taxonomy":"product_tag","embeddable":true,"href":"https:\/\/promoalge.com.br\/index.php?rest_route=%2Fwp%2Fv2%2Fproduct_tag&post=1430"}],"curies":[{"name":"wp","href":"https:\/\/api.w.org\/{rel}","templated":true}]}}