{"id":1468,"date":"2018-10-17T11:29:07","date_gmt":"2018-10-17T14:29:07","guid":{"rendered":"http:\/\/promoalge.com.br\/?post_type=product&#038;p=1468"},"modified":"2020-06-19T12:59:45","modified_gmt":"2020-06-19T15:59:45","slug":"frasqueira-termica-com-alca-de-mao-mpt202314","status":"publish","type":"product","link":"https:\/\/promoalge.com.br\/?product=frasqueira-termica-com-alca-de-mao-mpt202314","title":{"rendered":"Frasqueira T\u00e9rmica com Al\u00e7a de M\u00e3o &#8211; MPT202314 &#8211; 6,4 Litros"},"content":{"rendered":"","protected":false},"excerpt":{"rendered":"<p>Frasqueira T\u00e9rmica com Al\u00e7a de M\u00e3o &#8211; 6,4 litros produzida em  PVC BRL 020 Colorido (dispon\u00edvel em cores b\u00e1sicas), Forro em PVC Sarja 015 Branca, Espumapack 4 mm, Al\u00e7a de polipropileno 30 mm, Rebite Niquelado com Refor\u00e7o, Z\u00edper de Nylon, Cursor Niquelado 20 cm largura x 23 cm altura x 14 cm profundidade. Grava\u00e7\u00e3o serigrafia em 1 cor.<\/p>\n","protected":false},"featured_media":1470,"template":"","meta":[],"product_brand":[],"product_cat":[79,414],"product_tag":[],"class_list":{"0":"post-1468","1":"product","2":"type-product","3":"status-publish","4":"has-post-thumbnail","6":"product_cat-bolsas-mochilas","7":"product_cat-praia-verao","9":"first","10":"instock","11":"shipping-taxable","12":"product-type-simple"},"_links":{"self":[{"href":"https:\/\/promoalge.com.br\/index.php?rest_route=\/wp\/v2\/product\/1468","targetHints":{"allow":["GET"]}}],"collection":[{"href":"https:\/\/promoalge.com.br\/index.php?rest_route=\/wp\/v2\/product"}],"about":[{"href":"https:\/\/promoalge.com.br\/index.php?rest_route=\/wp\/v2\/types\/product"}],"wp:featuredmedia":[{"embeddable":true,"href":"https:\/\/promoalge.com.br\/index.php?rest_route=\/wp\/v2\/media\/1470"}],"wp:attachment":[{"href":"https:\/\/promoalge.com.br\/index.php?rest_route=%2Fwp%2Fv2%2Fmedia&parent=1468"}],"wp:term":[{"taxonomy":"product_brand","embeddable":true,"href":"https:\/\/promoalge.com.br\/index.php?rest_route=%2Fwp%2Fv2%2Fproduct_brand&post=1468"},{"taxonomy":"product_cat","embeddable":true,"href":"https:\/\/promoalge.com.br\/index.php?rest_route=%2Fwp%2Fv2%2Fproduct_cat&post=1468"},{"taxonomy":"product_tag","embeddable":true,"href":"https:\/\/promoalge.com.br\/index.php?rest_route=%2Fwp%2Fv2%2Fproduct_tag&post=1468"}],"curies":[{"name":"wp","href":"https:\/\/api.w.org\/{rel}","templated":true}]}}