{"id":1498,"date":"2018-10-17T12:30:04","date_gmt":"2018-10-17T15:30:04","guid":{"rendered":"http:\/\/promoalge.com.br\/?post_type=product&#038;p=1498"},"modified":"2020-06-19T12:59:20","modified_gmt":"2020-06-19T15:59:20","slug":"bolsa-termica-mpt272021-11-litros","status":"publish","type":"product","link":"https:\/\/promoalge.com.br\/?product=bolsa-termica-mpt272021-11-litros","title":{"rendered":"Bolsa T\u00e9rmica &#8211; MPT272021 &#8211; 11 Litros"},"content":{"rendered":"","protected":false},"excerpt":{"rendered":"<p>Bolsa T\u00e9rmica com Al\u00e7a de M\u00e3o &#8211; 11 litros produzida em PVC BRL 020 Colorido (dispon\u00edvel em cores b\u00e1sicas), Forro em PVC Sarja 015 Branca, Espumapack 4 mm, Al\u00e7a de Polipropileno 30 mm, Rebite Niquelado com Refor\u00e7o, Z\u00edper de Nylon, Cursor Niquelado 27 cm largura x 20 cm altura x 20 cm profundidade. Grava\u00e7\u00e3o serigrafia.<\/p>\n","protected":false},"featured_media":4798,"template":"","meta":[],"product_brand":[],"product_cat":[79,414],"product_tag":[],"class_list":{"0":"post-1498","1":"product","2":"type-product","3":"status-publish","4":"has-post-thumbnail","6":"product_cat-bolsas-mochilas","7":"product_cat-praia-verao","9":"first","10":"instock","11":"shipping-taxable","12":"product-type-simple"},"_links":{"self":[{"href":"https:\/\/promoalge.com.br\/index.php?rest_route=\/wp\/v2\/product\/1498","targetHints":{"allow":["GET"]}}],"collection":[{"href":"https:\/\/promoalge.com.br\/index.php?rest_route=\/wp\/v2\/product"}],"about":[{"href":"https:\/\/promoalge.com.br\/index.php?rest_route=\/wp\/v2\/types\/product"}],"wp:featuredmedia":[{"embeddable":true,"href":"https:\/\/promoalge.com.br\/index.php?rest_route=\/wp\/v2\/media\/4798"}],"wp:attachment":[{"href":"https:\/\/promoalge.com.br\/index.php?rest_route=%2Fwp%2Fv2%2Fmedia&parent=1498"}],"wp:term":[{"taxonomy":"product_brand","embeddable":true,"href":"https:\/\/promoalge.com.br\/index.php?rest_route=%2Fwp%2Fv2%2Fproduct_brand&post=1498"},{"taxonomy":"product_cat","embeddable":true,"href":"https:\/\/promoalge.com.br\/index.php?rest_route=%2Fwp%2Fv2%2Fproduct_cat&post=1498"},{"taxonomy":"product_tag","embeddable":true,"href":"https:\/\/promoalge.com.br\/index.php?rest_route=%2Fwp%2Fv2%2Fproduct_tag&post=1498"}],"curies":[{"name":"wp","href":"https:\/\/api.w.org\/{rel}","templated":true}]}}