{"id":1509,"date":"2018-10-17T12:42:18","date_gmt":"2018-10-17T15:42:18","guid":{"rendered":"http:\/\/promoalge.com.br\/?post_type=product&#038;p=1509"},"modified":"2020-10-20T21:09:19","modified_gmt":"2020-10-21T00:09:19","slug":"mochila-termica-prmt12-15-litros","status":"publish","type":"product","link":"https:\/\/promoalge.com.br\/?product=mochila-termica-prmt12-15-litros","title":{"rendered":"Mochila T\u00e9rmica &#8211; PRMT12 &#8211; 15 Litros"},"content":{"rendered":"","protected":false},"excerpt":{"rendered":"<p>Mochila t\u00e9rmica personalizada em poli\u00e9ster 600, possui saco interno soldado, al\u00e7as e costas acolchoados e z\u00edper 8 para fechamento, Capacidade para 12 latas ou 1 Barril Heineken ou similar, medidas 29 x 39 x 19 cm. Grava\u00e7\u00e3o serigrafia ou transfer.<\/p>\n","protected":false},"featured_media":6118,"template":"","meta":[],"product_brand":[],"product_cat":[79,414],"product_tag":[],"class_list":{"0":"post-1509","1":"product","2":"type-product","3":"status-publish","4":"has-post-thumbnail","6":"product_cat-bolsas-mochilas","7":"product_cat-praia-verao","9":"first","10":"instock","11":"shipping-taxable","12":"product-type-simple"},"_links":{"self":[{"href":"https:\/\/promoalge.com.br\/index.php?rest_route=\/wp\/v2\/product\/1509","targetHints":{"allow":["GET"]}}],"collection":[{"href":"https:\/\/promoalge.com.br\/index.php?rest_route=\/wp\/v2\/product"}],"about":[{"href":"https:\/\/promoalge.com.br\/index.php?rest_route=\/wp\/v2\/types\/product"}],"wp:featuredmedia":[{"embeddable":true,"href":"https:\/\/promoalge.com.br\/index.php?rest_route=\/wp\/v2\/media\/6118"}],"wp:attachment":[{"href":"https:\/\/promoalge.com.br\/index.php?rest_route=%2Fwp%2Fv2%2Fmedia&parent=1509"}],"wp:term":[{"taxonomy":"product_brand","embeddable":true,"href":"https:\/\/promoalge.com.br\/index.php?rest_route=%2Fwp%2Fv2%2Fproduct_brand&post=1509"},{"taxonomy":"product_cat","embeddable":true,"href":"https:\/\/promoalge.com.br\/index.php?rest_route=%2Fwp%2Fv2%2Fproduct_cat&post=1509"},{"taxonomy":"product_tag","embeddable":true,"href":"https:\/\/promoalge.com.br\/index.php?rest_route=%2Fwp%2Fv2%2Fproduct_tag&post=1509"}],"curies":[{"name":"wp","href":"https:\/\/api.w.org\/{rel}","templated":true}]}}