{"id":1523,"date":"2018-10-17T13:22:49","date_gmt":"2018-10-17T16:22:49","guid":{"rendered":"http:\/\/promoalge.com.br\/?post_type=product&#038;p=1523"},"modified":"2021-04-27T18:12:34","modified_gmt":"2021-04-27T21:12:34","slug":"bolsa-termica-pr8411-4-litros","status":"publish","type":"product","link":"https:\/\/promoalge.com.br\/?product=bolsa-termica-pr8411-4-litros","title":{"rendered":"Frasqueira T\u00e9rmica  &#8211; PR98411 &#8211; 4 Litros"},"content":{"rendered":"","protected":false},"excerpt":{"rendered":"<p>Frasqueira t\u00e9rmica produzida em poli\u00e9ster 600D, fechamento com z\u00edper e al\u00e7a de m\u00e3o,capacidade: 4 litros,medidas 150 x 190 x 150 mm. Grava\u00e7\u00e3o serigrafia.<\/p>\n","protected":false},"featured_media":4661,"template":"","meta":[],"product_brand":[],"product_cat":[79,353,414],"product_tag":[],"class_list":{"0":"post-1523","1":"product","2":"type-product","3":"status-publish","4":"has-post-thumbnail","6":"product_cat-bolsas-mochilas","7":"product_cat-diversos","8":"product_cat-praia-verao","10":"first","11":"instock","12":"shipping-taxable","13":"product-type-simple"},"_links":{"self":[{"href":"https:\/\/promoalge.com.br\/index.php?rest_route=\/wp\/v2\/product\/1523","targetHints":{"allow":["GET"]}}],"collection":[{"href":"https:\/\/promoalge.com.br\/index.php?rest_route=\/wp\/v2\/product"}],"about":[{"href":"https:\/\/promoalge.com.br\/index.php?rest_route=\/wp\/v2\/types\/product"}],"wp:featuredmedia":[{"embeddable":true,"href":"https:\/\/promoalge.com.br\/index.php?rest_route=\/wp\/v2\/media\/4661"}],"wp:attachment":[{"href":"https:\/\/promoalge.com.br\/index.php?rest_route=%2Fwp%2Fv2%2Fmedia&parent=1523"}],"wp:term":[{"taxonomy":"product_brand","embeddable":true,"href":"https:\/\/promoalge.com.br\/index.php?rest_route=%2Fwp%2Fv2%2Fproduct_brand&post=1523"},{"taxonomy":"product_cat","embeddable":true,"href":"https:\/\/promoalge.com.br\/index.php?rest_route=%2Fwp%2Fv2%2Fproduct_cat&post=1523"},{"taxonomy":"product_tag","embeddable":true,"href":"https:\/\/promoalge.com.br\/index.php?rest_route=%2Fwp%2Fv2%2Fproduct_tag&post=1523"}],"curies":[{"name":"wp","href":"https:\/\/api.w.org\/{rel}","templated":true}]}}