{"id":1550,"date":"2018-10-17T15:42:31","date_gmt":"2018-10-17T18:42:31","guid":{"rendered":"http:\/\/promoalge.com.br\/?post_type=product&#038;p=1550"},"modified":"2018-10-17T16:02:46","modified_gmt":"2018-10-17T19:02:46","slug":"cooler-dobravel-pro905-28-litros","status":"publish","type":"product","link":"https:\/\/promoalge.com.br\/?product=cooler-dobravel-pro905-28-litros","title":{"rendered":"Cooler Dobr\u00e1vel Termo Moldado &#8211; PRO905 &#8211; 28 Litros"},"content":{"rendered":"","protected":false},"excerpt":{"rendered":"<p>Cooler dobr\u00e1vel com fundo e Tampa confeccionado em EVA termo moldado, corpo confeccionado em Nylon 70 emborrachado, fechamento com z\u00edper n 08, Al\u00e7a de M\u00e3o, isolante T\u00e9rmico Espuma pack 4mm. Forro Interno Banner 0,30 espelhado branco, medidas 39 x 27 x 27, e capacidade 28 litros. Impress\u00e3o serigrafia.<\/p>\n","protected":false},"featured_media":1556,"template":"","meta":[],"product_brand":[],"product_cat":[79,414],"product_tag":[],"class_list":{"0":"post-1550","1":"product","2":"type-product","3":"status-publish","4":"has-post-thumbnail","6":"product_cat-bolsas-mochilas","7":"product_cat-praia-verao","9":"first","10":"instock","11":"shipping-taxable","12":"product-type-simple"},"_links":{"self":[{"href":"https:\/\/promoalge.com.br\/index.php?rest_route=\/wp\/v2\/product\/1550","targetHints":{"allow":["GET"]}}],"collection":[{"href":"https:\/\/promoalge.com.br\/index.php?rest_route=\/wp\/v2\/product"}],"about":[{"href":"https:\/\/promoalge.com.br\/index.php?rest_route=\/wp\/v2\/types\/product"}],"wp:featuredmedia":[{"embeddable":true,"href":"https:\/\/promoalge.com.br\/index.php?rest_route=\/wp\/v2\/media\/1556"}],"wp:attachment":[{"href":"https:\/\/promoalge.com.br\/index.php?rest_route=%2Fwp%2Fv2%2Fmedia&parent=1550"}],"wp:term":[{"taxonomy":"product_brand","embeddable":true,"href":"https:\/\/promoalge.com.br\/index.php?rest_route=%2Fwp%2Fv2%2Fproduct_brand&post=1550"},{"taxonomy":"product_cat","embeddable":true,"href":"https:\/\/promoalge.com.br\/index.php?rest_route=%2Fwp%2Fv2%2Fproduct_cat&post=1550"},{"taxonomy":"product_tag","embeddable":true,"href":"https:\/\/promoalge.com.br\/index.php?rest_route=%2Fwp%2Fv2%2Fproduct_tag&post=1550"}],"curies":[{"name":"wp","href":"https:\/\/api.w.org\/{rel}","templated":true}]}}