{"id":1557,"date":"2018-10-17T16:00:06","date_gmt":"2018-10-17T19:00:06","guid":{"rendered":"http:\/\/promoalge.com.br\/?post_type=product&#038;p=1557"},"modified":"2018-10-17T16:07:44","modified_gmt":"2018-10-17T19:07:44","slug":"cooler-termico-termo-moldado-pro113-22-litros","status":"publish","type":"product","link":"https:\/\/promoalge.com.br\/?product=cooler-termico-termo-moldado-pro113-22-litros","title":{"rendered":"Cooler T\u00e9rmico Termo Moldado  &#8211; PRO113 &#8211; 22 Litros"},"content":{"rendered":"","protected":false},"excerpt":{"rendered":"<p>Cooler  t\u00e9rmico termo moldado confeccionado em EVA 4 MM, revestimento externo Helanca light , com Isolante T\u00e9rmico Espuma PACK 4 mm, parte interna Banner 0,30 espelhado , fechamento com z\u00edper n 08 e 2 Cursores. Al\u00e7a Longa de 40 mm de largura, medidas  34 x 26 x 26 cm com capacidade 22 litros, Impress\u00e3o em sublima\u00e7\u00e3o.<\/p>\n","protected":false},"featured_media":1562,"template":"","meta":[],"product_brand":[],"product_cat":[79,414],"product_tag":[],"class_list":{"0":"post-1557","1":"product","2":"type-product","3":"status-publish","4":"has-post-thumbnail","6":"product_cat-bolsas-mochilas","7":"product_cat-praia-verao","9":"first","10":"instock","11":"shipping-taxable","12":"product-type-simple"},"_links":{"self":[{"href":"https:\/\/promoalge.com.br\/index.php?rest_route=\/wp\/v2\/product\/1557","targetHints":{"allow":["GET"]}}],"collection":[{"href":"https:\/\/promoalge.com.br\/index.php?rest_route=\/wp\/v2\/product"}],"about":[{"href":"https:\/\/promoalge.com.br\/index.php?rest_route=\/wp\/v2\/types\/product"}],"wp:featuredmedia":[{"embeddable":true,"href":"https:\/\/promoalge.com.br\/index.php?rest_route=\/wp\/v2\/media\/1562"}],"wp:attachment":[{"href":"https:\/\/promoalge.com.br\/index.php?rest_route=%2Fwp%2Fv2%2Fmedia&parent=1557"}],"wp:term":[{"taxonomy":"product_brand","embeddable":true,"href":"https:\/\/promoalge.com.br\/index.php?rest_route=%2Fwp%2Fv2%2Fproduct_brand&post=1557"},{"taxonomy":"product_cat","embeddable":true,"href":"https:\/\/promoalge.com.br\/index.php?rest_route=%2Fwp%2Fv2%2Fproduct_cat&post=1557"},{"taxonomy":"product_tag","embeddable":true,"href":"https:\/\/promoalge.com.br\/index.php?rest_route=%2Fwp%2Fv2%2Fproduct_tag&post=1557"}],"curies":[{"name":"wp","href":"https:\/\/api.w.org\/{rel}","templated":true}]}}