{"id":1567,"date":"2018-10-17T16:28:17","date_gmt":"2018-10-17T19:28:17","guid":{"rendered":"http:\/\/promoalge.com.br\/?post_type=product&#038;p=1567"},"modified":"2021-07-13T12:17:35","modified_gmt":"2021-07-13T15:17:35","slug":"cadeira-8-posicoes-cad8pos","status":"publish","type":"product","link":"https:\/\/promoalge.com.br\/?product=cadeira-8-posicoes-cad8pos","title":{"rendered":"Cadeira 8 Posi\u00e7\u00f5es &#8211; CAD8POS"},"content":{"rendered":"","protected":false},"excerpt":{"rendered":"<p>Cadeira de Praia 8 posi\u00e7\u00f5es tubo de alum\u00ednio, pe\u00e7as pl\u00e1sticas em polipropileno. Tela 100 % poli\u00e9ster com revestimento em PVC. Impress\u00e3o serigrafia.<\/p>\n<p>*\u00a0M\u00ednimo 50 unidades.<\/p>\n","protected":false},"featured_media":1570,"template":"","meta":[],"product_brand":[],"product_cat":[414],"product_tag":[],"class_list":{"0":"post-1567","1":"product","2":"type-product","3":"status-publish","4":"has-post-thumbnail","6":"product_cat-praia-verao","8":"first","9":"instock","10":"shipping-taxable","11":"product-type-simple"},"_links":{"self":[{"href":"https:\/\/promoalge.com.br\/index.php?rest_route=\/wp\/v2\/product\/1567","targetHints":{"allow":["GET"]}}],"collection":[{"href":"https:\/\/promoalge.com.br\/index.php?rest_route=\/wp\/v2\/product"}],"about":[{"href":"https:\/\/promoalge.com.br\/index.php?rest_route=\/wp\/v2\/types\/product"}],"wp:featuredmedia":[{"embeddable":true,"href":"https:\/\/promoalge.com.br\/index.php?rest_route=\/wp\/v2\/media\/1570"}],"wp:attachment":[{"href":"https:\/\/promoalge.com.br\/index.php?rest_route=%2Fwp%2Fv2%2Fmedia&parent=1567"}],"wp:term":[{"taxonomy":"product_brand","embeddable":true,"href":"https:\/\/promoalge.com.br\/index.php?rest_route=%2Fwp%2Fv2%2Fproduct_brand&post=1567"},{"taxonomy":"product_cat","embeddable":true,"href":"https:\/\/promoalge.com.br\/index.php?rest_route=%2Fwp%2Fv2%2Fproduct_cat&post=1567"},{"taxonomy":"product_tag","embeddable":true,"href":"https:\/\/promoalge.com.br\/index.php?rest_route=%2Fwp%2Fv2%2Fproduct_tag&post=1567"}],"curies":[{"name":"wp","href":"https:\/\/api.w.org\/{rel}","templated":true}]}}