{"id":1572,"date":"2018-10-17T16:39:13","date_gmt":"2018-10-17T19:39:13","guid":{"rendered":"http:\/\/promoalge.com.br\/?post_type=product&#038;p=1572"},"modified":"2021-07-13T12:17:10","modified_gmt":"2021-07-13T15:17:10","slug":"cadeira-5-posicoes-cad5pos","status":"publish","type":"product","link":"https:\/\/promoalge.com.br\/?product=cadeira-5-posicoes-cad5pos","title":{"rendered":"Cadeira 5 Posi\u00e7\u00f5es &#8211; CAD5POS"},"content":{"rendered":"","protected":false},"excerpt":{"rendered":"<p>Cadeira de praia modelo 5 posi\u00e7\u00f5es, em alum\u00ednio, assento com tela sannet. Grava\u00e7\u00e3o serigrafia em 1 cor no bolso traseiro.<\/p>\n<ul>\n<li>M\u00ednimo 50 unidades.<\/li>\n<\/ul>\n","protected":false},"featured_media":7243,"template":"","meta":[],"product_brand":[],"product_cat":[414],"product_tag":[],"class_list":{"0":"post-1572","1":"product","2":"type-product","3":"status-publish","4":"has-post-thumbnail","6":"product_cat-praia-verao","8":"first","9":"instock","10":"shipping-taxable","11":"product-type-simple"},"_links":{"self":[{"href":"https:\/\/promoalge.com.br\/index.php?rest_route=\/wp\/v2\/product\/1572","targetHints":{"allow":["GET"]}}],"collection":[{"href":"https:\/\/promoalge.com.br\/index.php?rest_route=\/wp\/v2\/product"}],"about":[{"href":"https:\/\/promoalge.com.br\/index.php?rest_route=\/wp\/v2\/types\/product"}],"wp:featuredmedia":[{"embeddable":true,"href":"https:\/\/promoalge.com.br\/index.php?rest_route=\/wp\/v2\/media\/7243"}],"wp:attachment":[{"href":"https:\/\/promoalge.com.br\/index.php?rest_route=%2Fwp%2Fv2%2Fmedia&parent=1572"}],"wp:term":[{"taxonomy":"product_brand","embeddable":true,"href":"https:\/\/promoalge.com.br\/index.php?rest_route=%2Fwp%2Fv2%2Fproduct_brand&post=1572"},{"taxonomy":"product_cat","embeddable":true,"href":"https:\/\/promoalge.com.br\/index.php?rest_route=%2Fwp%2Fv2%2Fproduct_cat&post=1572"},{"taxonomy":"product_tag","embeddable":true,"href":"https:\/\/promoalge.com.br\/index.php?rest_route=%2Fwp%2Fv2%2Fproduct_tag&post=1572"}],"curies":[{"name":"wp","href":"https:\/\/api.w.org\/{rel}","templated":true}]}}