{"id":1576,"date":"2018-10-17T16:59:04","date_gmt":"2018-10-17T19:59:04","guid":{"rendered":"http:\/\/promoalge.com.br\/?post_type=product&#038;p=1576"},"modified":"2018-10-17T16:59:05","modified_gmt":"2018-10-17T19:59:05","slug":"bolsa-termica-2-andares-pro111-21-litros","status":"publish","type":"product","link":"https:\/\/promoalge.com.br\/?product=bolsa-termica-2-andares-pro111-21-litros","title":{"rendered":"Bolsa T\u00e9rmica 2 Andares &#8211; PRO111 &#8211; 21 Litros"},"content":{"rendered":"","protected":false},"excerpt":{"rendered":"<p>Bolsa t\u00e9rmica confeccionada com Nylon 70 ou Nylon 600, revestimento t\u00e9rmico em isomanta. Forro interno de Bagun Espelhado 0,30, Al\u00e7a 40 mm. fechamento em z\u00edper 08, com 2 cursores. Grava\u00e7\u00e3o serigrafia.<\/p>\n","protected":false},"featured_media":1577,"template":"","meta":[],"product_brand":[],"product_cat":[79,414],"product_tag":[],"class_list":{"0":"post-1576","1":"product","2":"type-product","3":"status-publish","4":"has-post-thumbnail","6":"product_cat-bolsas-mochilas","7":"product_cat-praia-verao","9":"first","10":"instock","11":"shipping-taxable","12":"product-type-simple"},"_links":{"self":[{"href":"https:\/\/promoalge.com.br\/index.php?rest_route=\/wp\/v2\/product\/1576","targetHints":{"allow":["GET"]}}],"collection":[{"href":"https:\/\/promoalge.com.br\/index.php?rest_route=\/wp\/v2\/product"}],"about":[{"href":"https:\/\/promoalge.com.br\/index.php?rest_route=\/wp\/v2\/types\/product"}],"wp:featuredmedia":[{"embeddable":true,"href":"https:\/\/promoalge.com.br\/index.php?rest_route=\/wp\/v2\/media\/1577"}],"wp:attachment":[{"href":"https:\/\/promoalge.com.br\/index.php?rest_route=%2Fwp%2Fv2%2Fmedia&parent=1576"}],"wp:term":[{"taxonomy":"product_brand","embeddable":true,"href":"https:\/\/promoalge.com.br\/index.php?rest_route=%2Fwp%2Fv2%2Fproduct_brand&post=1576"},{"taxonomy":"product_cat","embeddable":true,"href":"https:\/\/promoalge.com.br\/index.php?rest_route=%2Fwp%2Fv2%2Fproduct_cat&post=1576"},{"taxonomy":"product_tag","embeddable":true,"href":"https:\/\/promoalge.com.br\/index.php?rest_route=%2Fwp%2Fv2%2Fproduct_tag&post=1576"}],"curies":[{"name":"wp","href":"https:\/\/api.w.org\/{rel}","templated":true}]}}