{"id":1584,"date":"2018-10-17T17:45:16","date_gmt":"2018-10-17T20:45:16","guid":{"rendered":"http:\/\/promoalge.com.br\/?post_type=product&#038;p=1584"},"modified":"2018-10-17T17:45:18","modified_gmt":"2018-10-17T20:45:18","slug":"cooler-24-latas-c24lt","status":"publish","type":"product","link":"https:\/\/promoalge.com.br\/?product=cooler-24-latas-c24lt","title":{"rendered":"Cooler 24 Latas &#8211; C24LT"},"content":{"rendered":"","protected":false},"excerpt":{"rendered":"<p>Cooler Isot\u00e9rmico Maxi com capacidade para de 24 latas a 30 latas &#8211; com al\u00e7a em tiras de polipropileno fixa nas laterais do corpo- produzido em PP \/ polipropileno de cor branca com parede dupla e isolamento interno em isopor prensado- corpo revestido em adesivo com impress\u00e3o digital de alta resolu\u00e7\u00e3o em 360\u00ba em cores a tra\u00e7o \/ chapadas ou em cromia do tipo imagem. <\/p>\n<p>&#8211; Tampa: m\u00f3vel fixado por encaixe<\/p>\n<p>&#8211; Transporte: por al\u00e7a flex\u00edvel em polipropileno de 30 mm com ombreira, fixada na lateral do corpo dispon\u00edvel nas cores preta- branca;<\/p>\n<p>&#8211; Medidas Externas sem tampa: 312 mm de altura X 350 mm de di\u00e2metro;<\/p>\n<p>&#8211; Medidas Externas com tampa: 327 mm de altura X 352 mm de di\u00e2metro;<\/p>\n<p>&#8211; Medidas Internas: 295 mm de altura X 314 de di\u00e2metro<\/p>\n<p>&#8211; Isolamento interno com chapa de isopor prensado<\/p>\n<p>&#8211; Personaliza\u00e7\u00e3o: Adesivo com impress\u00e3o digital (cromia) de alta resolu\u00e7\u00e3o em 360\u00ba.<\/p>\n","protected":false},"featured_media":1595,"template":"","meta":[],"product_brand":[],"product_cat":[353,414],"product_tag":[],"class_list":{"0":"post-1584","1":"product","2":"type-product","3":"status-publish","4":"has-post-thumbnail","6":"product_cat-diversos","7":"product_cat-praia-verao","9":"first","10":"instock","11":"shipping-taxable","12":"product-type-simple"},"_links":{"self":[{"href":"https:\/\/promoalge.com.br\/index.php?rest_route=\/wp\/v2\/product\/1584","targetHints":{"allow":["GET"]}}],"collection":[{"href":"https:\/\/promoalge.com.br\/index.php?rest_route=\/wp\/v2\/product"}],"about":[{"href":"https:\/\/promoalge.com.br\/index.php?rest_route=\/wp\/v2\/types\/product"}],"wp:featuredmedia":[{"embeddable":true,"href":"https:\/\/promoalge.com.br\/index.php?rest_route=\/wp\/v2\/media\/1595"}],"wp:attachment":[{"href":"https:\/\/promoalge.com.br\/index.php?rest_route=%2Fwp%2Fv2%2Fmedia&parent=1584"}],"wp:term":[{"taxonomy":"product_brand","embeddable":true,"href":"https:\/\/promoalge.com.br\/index.php?rest_route=%2Fwp%2Fv2%2Fproduct_brand&post=1584"},{"taxonomy":"product_cat","embeddable":true,"href":"https:\/\/promoalge.com.br\/index.php?rest_route=%2Fwp%2Fv2%2Fproduct_cat&post=1584"},{"taxonomy":"product_tag","embeddable":true,"href":"https:\/\/promoalge.com.br\/index.php?rest_route=%2Fwp%2Fv2%2Fproduct_tag&post=1584"}],"curies":[{"name":"wp","href":"https:\/\/api.w.org\/{rel}","templated":true}]}}